{"id":1236,"date":"2011-05-13T18:20:01","date_gmt":"2011-05-13T18:20:01","guid":{"rendered":"https:\/\/staging.infinitilegal.ca\/faq-services\/"},"modified":"2022-11-04T12:15:54","modified_gmt":"2022-11-04T12:15:54","slug":"faq-services","status":"publish","type":"page","link":"https:\/\/infinitilegal.com\/fr\/faq-services\/","title":{"rendered":"FAQs"},"content":{"rendered":"<p>[et_pb_section fb_built=\u00a0\u00bb1&Prime; admin_label=\u00a0\u00bbsection\u00a0\u00bb _builder_version=\u00a0\u00bb4.18.1&Prime; custom_padding=\u00a0\u00bb0px||||false|false\u00a0\u00bb global_colors_info=\u00a0\u00bb{}\u00a0\u00bb][et_pb_row admin_label=\u00a0\u00bbrow\u00a0\u00bb _builder_version=\u00a0\u00bb4.16&Prime; background_size=\u00a0\u00bbinitial\u00a0\u00bb background_position=\u00a0\u00bbtop_left\u00a0\u00bb background_repeat=\u00a0\u00bbrepeat\u00a0\u00bb global_colors_info=\u00a0\u00bb{}\u00a0\u00bb][et_pb_column type=\u00a0\u00bb4_4&Prime; _builder_version=\u00a0\u00bb4.16&Prime; custom_padding=\u00a0\u00bb|||\u00a0\u00bb global_colors_info=\u00a0\u00bb{}\u00a0\u00bb custom_padding__hover=\u00a0\u00bb|||\u00a0\u00bb][et_pb_text admin_label=\u00a0\u00bbText\u00a0\u00bb _builder_version=\u00a0\u00bb4.18.1&Prime; background_size=\u00a0\u00bbinitial\u00a0\u00bb background_position=\u00a0\u00bbtop_left\u00a0\u00bb background_repeat=\u00a0\u00bbrepeat\u00a0\u00bb hover_enabled=\u00a0\u00bb0&Prime; global_colors_info=\u00a0\u00bb{}\u00a0\u00bb sticky_enabled=\u00a0\u00bb0&Prime;]<\/p>\n<p>Les questions ci-dessous constituent celles qui sont le plus souvent pos\u00e9es chez Infiniti Legal Support Services.<\/p>\n<h2>Quels sont les services offerts par Infiniti ?<\/h2>\n<p>Infiniti a fait ses preuves dans une gamme de services dans les domaines cl\u00e9s suivants :<\/p>\n<p>Significations et \u00e9mission et d\u00e9p\u00f4ts aux tribunaux<br \/>R\u00e9cup\u00e9ration de document, recherche de litige et diligence raisonnable<br \/>Authentification est l\u00e9galisation de la documentation \u00e9trang\u00e8re<\/p>\n<p>Vous pouvez en savoir plus sur ces services en visitant les pages respectives en cliquant sur les liens inclus ci-haut.<\/p>\n<h2>Comment pouvons-nous retracer des gens si nous ne savons pas o\u00f9 ils sont situ\u00e9s \/ o\u00f9 ils r\u00e9sident ?<\/h2>\n<p>Il y a diverses raisons pourquoi on doit trouver des gens. Infiniti offre des capacit\u00e9s compl\u00e8tes de retra\u00e7age pour trouver les personnes qui, soit ne veulent pas \u00eatre retrouv\u00e9es, soit qu\u2019elles ne savent pas que quelqu\u2019un d\u00e9sire les contacter apr\u00e8s leur d\u00e9m\u00e9nagement.<\/p>\n<h2>Nous devons remettre des documents dans les mains de quelqu\u2019un \u00e0 titre officiel. Comment devons-nous proc\u00e9der ?<\/h2>\n<p>Souvent, nous devons aviser une personne officiellement de quelque chose (action judiciaire, lettre de refus ou d\u2019adh\u00e9sion, etc.). Dans le cadre de nos capacit\u00e9s de significations, Infiniti offre ce service \u00e0 diff\u00e9rents clients, y compris, les cabinets d\u2019avocats, les cabinets de comptables, les banques, les organismes gouvernementaux, etc., et nous fournissons une preuve l\u00e9gale de signification pour attester que la notification a \u00e9t\u00e9 effectu\u00e9e.<\/p>\n<h2>Comment Infiniti traite-t-elle les cas difficiles ?<\/h2>\n<p>L\u2019\u00e9quipe d\u2019Infiniti utilise sa vaste exp\u00e9rience de l\u2019industrie, une \u00e9quipe qualifi\u00e9e de professionnels, les plus r\u00e9cents outils de technologie et de communication, l\u2019acc\u00e8s direct aux organismes gouvernementaux et notre r\u00e9seau mondial d\u2019agents et de partenaires de confiance (chacun poss\u00e9dant sa propre bo\u00eete \u00e0 outils \u00e9prouv\u00e9e) afin de s\u2019assurer d\u2019un service mondial rapide et efficace. Cette combinaison critique de facteurs cl\u00e9s nous permet de traiter les cas urgents, les cas difficiles et presque tout ce que les clients nous demandent.<\/p>\n<h2>Depuis combien d\u2019ann\u00e9es Infiniti exploite-t-elle ses op\u00e9rations ?<\/h2>\n<p>Infiniti exploite depuis 1978, par contre, sous une s\u00e9rie de noms diff\u00e9rents suivant l\u2019\u00e9volution du commerce (voir Nous Conna\u00eetre). Donc notre expertise est bas\u00e9e sur plus de 30 ann\u00e9es dans l\u2019industrie.<\/p>\n<h2>Est-ce qu\u2019Infiniti est membre d\u2019associations professionnelles ?<\/h2>\n<p>Chez Infiniti Legal Support Services, l\u2019adh\u00e9sion \u00e0 des associations professionnelles est une importante partie de notre strat\u00e9gie pour nous assurer de demeurer \u00e0 la fine pointe des exigences et des techniques de l\u2019industrie en \u00e9volution et de continuer \u00e0 d\u00e9velopper notre r\u00e9seau d\u2019experts. Infiniti est un membre des associations professionnelles suivantes :<\/p>\n<p>National Association of Professional Process Servers (NAPPS)<br \/>Ontario Association of Professional Searchers of Record (OAPSOR)<br \/>National Public Records Research Association (NPRRA)<br \/>Public Record Retriever Network (PRRN)<br \/>National Professional Process Server Network (NPPSN)<br \/>International Association of Financial Crimes Investigations (IAFC)<\/p>\n<h2>Infiniti s\u2019implique-t-elle dans la communaut\u00e9 ? Est-ce qu\u2019Infiniti contribue \u00e0 des organismes de bienfaisances ?<\/h2>\n<p>Infiniti Legal Support Services est cat\u00e9gorique quant \u00e0 la participation au bien\u00eatre social et \u00e0 la communaut\u00e9. Infiniti effectue d\u00e9j\u00e0 des contributions philanthropiques \u00e0 diff\u00e9rents organismes de bienfaisance et Gianni Donatucci, pr\u00e9sident d\u2019Infiniti, si\u00e8ge comme tr\u00e9sorier \u00e0 l\u2019Association du syndrome de Down \u2013 RCN ainsi que d\u2019autres contributions b\u00e9n\u00e9voles et communautaires. De plus, nous mettons en place des programmes sp\u00e9ciaux pour continuer \u00e0 donner \u00e0 la communaut\u00e9, soit par un appui direct, soit par le b\u00e9n\u00e9volat.<\/p>\n<h2>O\u00f9 Infiniti fournit-elle un service ?<\/h2>\n<p>Bien que notre bureau principal soit situ\u00e9 \u00e0 Ottawa, depuis 1978, nous offrons \u00e0 notre client\u00e8le un niveau de service sans pareil \u00e0 Ottawa et les environs, l\u2019Ontario et le Qu\u00e9bec, ainsi que les autres r\u00e9gions du Canada, des \u00c9tats-Unis, et partout dans le monde.<\/p>\n<h2>Est-ce qu\u2019Infiniti a des partenaires ?<\/h2>\n<p>Oui, Infiniti poss\u00e8de un r\u00e9seau mondial d\u2019agents et de partenaires de confiance qui, avec notre \u00e9quipe permanente nous permettent d\u2019offrir une gamme compl\u00e8te de services de soutien juridiques \u00e0 l\u2019\u00e9chelle mondiale.<\/p>\n<h2>Infiniti offre-t-elle des services bilingues ?<\/h2>\n<p>Oui, l\u2019\u00e9quipe d\u2019Infiniti est totalement bilingue et offre des services de soutien juridiques en anglais et en fran\u00e7ais.<\/p>\n<p>Notre personnel de nuit pour les significations et notre r\u00e9seau mondial d\u2019agents et de partenaires de confiance nous permettent de fournir des services de fa\u00e7on \u00e9tendue et mondiale et qui sont favorables \u00e0 votre fuseau horaire.<\/p>\n<h2>Quelles sont les heures d&rsquo;affaires Infiniti ?<\/h2>\n<p>Heures Infiniti Legal Support Services bureau principal sont :<\/p>\n<p>08h00-5h00 HNE<\/p>\n<p>Sauf les jours f\u00e9ri\u00e9s et week-ends.<\/p>\n<p>Cependant, notre processus de nuit-temps au service du personnel et le r\u00e9seau mondial d&rsquo;agents et de partenaires de confiance nous permet d&rsquo;offrir un service \u00e9tendu et mondial favorable \u00e0 votre fuseau horaire local.<\/p>\n<h2>Puis-je payer par cartes de cr\u00e9dit ?<\/h2>\n<p>Oui, vous pouvez payer par VISA ou autres cartes de cr\u00e9dit, nous vous fournirons les directives pour notre simple Pay Pal.<\/p>\n<h2>Quel est le temps normal d\u2019ex\u00e9cution chez Infiniti ?<\/h2>\n<p>\u00c9tant donn\u00e9 que nos solutions sont personnalis\u00e9es pour mieux r\u00e9pondre aux besoins de notre client\u00e8le, les temps d\u2019ex\u00e9cution sont aussi en fonction du niveau de service, de l\u2019urgence, des variables uniques et autres facteurs. Ce \u00e9tant dit, notre travail est bien fait et ponctuel. Pri\u00e8re de nous contacter par courriel au : info@infinitilegal.com, par t\u00e9l\u00e9phone au : 613-225-1808 ou sans frais au : 1-877-703-5598, pour discuter de vos besoins d\u2019affaires et nous pouvons vous donner une estimation pr\u00e9cise du temps d\u2019ex\u00e9cution requis.<\/p>\n<p>[\/et_pb_text][\/et_pb_column][\/et_pb_row][\/et_pb_section]<\/p>\n","protected":false},"excerpt":{"rendered":"<p>Les questions ci-dessous constituent celles qui sont le plus souvent pos\u00e9es chez Infiniti Legal Support Services. Quels sont les services offerts par Infiniti ? Infiniti a fait ses preuves dans une gamme de services dans les domaines cl\u00e9s suivants : Significations et \u00e9mission et d\u00e9p\u00f4ts aux tribunauxR\u00e9cup\u00e9ration de document, recherche de litige et diligence raisonnableAuthentification [&hellip;]<\/p>\n","protected":false},"author":1,"featured_media":1353,"parent":0,"menu_order":0,"comment_status":"closed","ping_status":"closed","template":"","meta":{"_et_pb_use_builder":"on","_et_pb_old_content":"<img class=\"alignnone wp-image-348 size-full\" title=\"faq-Infiniti Legal Support Services\" src=\"https:\/\/infinitilegal.com\/wp-content\/uploads\/2011\/05\/faq-stock.jpg\" alt=\"Faq Serices: Process serving and courthouse issuing and filing Document retrieval, litigation search and due diligence Authentication and legalization of foreign papers\" width=\"670\" height=\"140\" \/>\r\n\r\nThe below questions constitute those we are most frequently asked at Infiniti Legal Support Services. (We also have a <a title=\"Process Serving FAQ\" href=\"https:\/\/infinitilegal.com\/services\/process-serving\/process-serving-faq\/\">process serving specific FAQ<\/a>.)\r\n\r\n<strong>What services does Infiniti provide?<\/strong>\r\n\r\nInfiniti\u2019s proven comprehensive services portfolio covers these key areas:\r\n<ul>\r\n\t<li><a title=\"Process Serving \u2014 Ottawa, Ontario, Canada-wide, US and Worldwide\" href=\"https:\/\/infinitilegal.com\/services\/process-serving\/\">Process serving and courthouse issuing and filing<\/a><\/li>\r\n\t<li><a title=\"Document Retrieval and Litigation Search\" href=\"https:\/\/infinitilegal.com\/services\/document-retrieval-and-litigation-search\/\">Document retrieval, litigation search and due diligence<\/a><\/li>\r\n\t<li><a title=\"Authentication and Legalization\" href=\"https:\/\/infinitilegal.com\/services\/authentication-and-legalization\/\">Authentication and legalization of foreign papers<\/a><\/li>\r\n<\/ul>\r\nYou can find out more about these services by visiting the respective services pages via the links included above.\r\n\r\n<strong>How do we find people if we don\u2019t know where they are located\/live?<\/strong>\r\n\r\nPeople need to be found for a variety of reasons.\u00a0 Infiniti provides full skip trace capabilities to find people that either: (a) don\u2019t want to be found or (b) don\u2019t know that someone is trying to get in touch with them after they have moved.\r\n\r\n<strong>We need to get a document into someone's hands in an official capacity. How do we do that?<\/strong>\r\n\r\nWe often need to officially notify someone of something (legal actions, letter of refusal or acceptance, etc.). As part of our process serving capabilities, Infiniti provides this service for a variety of customers including law firms, accounting firms, banks, government agencies, etc., and we provide a legal proof of service to verify that the notification has been served.\r\n\r\n<strong>How does Infiniti handle difficult cases?<\/strong>\r\n\r\nThe Infiniti team uses our vast industry experience and qualified team of professionals, the latest technology and communication tools, direct access to government agencies and our global network of trusted agents and partners (each with their own proven toolkit) to ensure fast, efficient service worldwide.\r\n\r\nThis critical combination of key factors enables us to handle urgent cases, tough cases and just about anything clients throw at us.\r\n\r\n<strong>How many years has Infiniti been in operation?<\/strong>\r\n\r\nInfiniti has been in operation since 1978, although under a series of different names as the business has progressed and grown (See <a title=\"About Us\" href=\"https:\/\/infinitilegal.com\/about-us\/\">About Us<\/a>).\u00a0 So our expertise is based on more than 30 years in the industry.\r\n\r\n<strong>Is Infiniti a member of any Professional Associations?<\/strong>\r\n\r\nAt Infiniti Legal Support Services, professional association memberships are an important part of our strategy to ensure we stay on top of changing industry requirements and techniques and continue to grow our expert network.\u00a0 Infiniti is a member of the following professional associations:\r\n<ul>\r\n\t<li><a href=\"http:\/\/www.napps.org\/\">National Association of Professional Process Servers (NAPPS)<\/a><\/li>\r\n\t<li><a href=\"http:\/\/www.oapsor.ca\/\">Ontario Association of Professional Searchers of Record (OAPS)<\/a><\/li>\r\n\t<li><a href=\"http:\/\/www.nprra.org\/\">National Public Records Research Association (NPRRA)<\/a><\/li>\r\n\t<li><a href=\"http:\/\/www.prrn.us\/\">Public Record Retriever Network (PRRN)<\/a><\/li>\r\n\t<li><a href=\"http:\/\/www.npps.net\/\">National Professional Process Server Network (NPPSN)<\/a><\/li>\r\n\t<li><a href=\"http:\/\/www.iafci.org\/\">International Association of Financial Crimes Investigations (IAFC)<\/a><\/li>\r\n<\/ul>\r\n<strong>Is Infiniti involved in the community? Does Infiniti contribute to any charities?<\/strong>\r\n\r\nInfiniti Legal Support Services is emphatic about social good and community participation. Infiniti already makes philanthropic contributions to various charities and Gianni Donatucci, President of Infiniti, serves as Treasurer with the <a href=\"http:\/\/www.dsancr.com\/\">Down\u2019s Syndrome Association \u2013 NCR<\/a> among his other volunteer and community contributions.\u00a0\u00a0 We are also putting some special programs in place to further give back to the community, either through direct support or volunteering.\r\n\r\n<strong>Where does Infiniti provide service?<\/strong>\r\n\r\nAlthough our main office is located in Ottawa, since 1978, we have provided our clients with unparalleled levels of service in Ottawa and the surrounding area, the broader Ontario and Quebec regions, as well as other Canadian regions, the United States, and around the world.\r\n\r\n<strong>Does Infiniti have partners?<\/strong>\r\n\r\nYes, Infiniti has a global network of trusted agents and partners that along with our core team enable us to offer a full suite of legal support services worldwide.\r\n\r\n<strong>Does Infiniti provide bilingual services?<\/strong>\r\n\r\nYes, the Infiniti team is fully bilingual providing legal support services in both English and French.\r\n\r\n&nbsp;\r\n\r\n<strong>What are Infiniti\u2019s business hours?<\/strong>\r\n\r\nInfiniti Legal Support Services\u2019 main office hours are:\r\n\r\n8:00 am to 5:00 pm EST\r\n\r\nExcluding statutory holidays and weekends.\r\n\r\nHowever our night-time process serving staff and global network of trusted agents and partners enables us to provide extended and global service friendly to your local time zone.\r\n\r\n<strong>How do we contact Infiniti?<\/strong>\r\n\r\nYou can contact Infiniti at:\r\n\r\n<strong>Phone : <\/strong>613-225-1808\r\n\r\n<strong>Toll Free: <\/strong>1-877-703-5598\r\n\r\n<strong>Fax: <\/strong>613-727-0843\r\n\r\n<strong>Email (general information):<\/strong> <a href=\"mailto:info@infinitilegal.com\">info@infinitilegal.com<\/a>\r\n\r\n<strong>What is Infiniti\u2019s office location and mailing address?<\/strong>\r\n\r\nThe Infiniti office location and mailing address is:\r\n\r\n267 O'Connor Street, Suite 407\r\nOttawa, ON,\r\nK2P 1V3\r\n\r\n&nbsp;\r\n\r\n<strong>Is Infiniti present in any social media channels?<\/strong>\r\n\r\nWe love to connect with our customers, vendors and the community, so, yes, you can find Infiniti on\r\n\r\n<a href=\"http:\/\/www.linkedin.com\/company\/infiniti-legal-support-services\">Linked In<\/a>\r\n\r\n<a href=\"http:\/\/www.facebook.com\/pages\/Infiniti-Legal-Support-Services\/188865961165133#\">Facebook<\/a>\r\n\r\n&nbsp;\r\n\r\n<strong>Can I pay online?<\/strong>\r\n\r\nYes, if you want to pay by VISA, we will provide you with our simple Pay Pal instructions.\r\n\r\n<strong>What are Infiniti\u2019s standard turnaround times?<\/strong>\r\n\r\nAs our solutions are customized to best suit the needs of our clients, turnaround times likewise are dependent on level of service, urgency, unique variables and other factors. That said, we get the job done right and on time. Please contact us via email: <a href=\"mailto:info@infinitilegal.com\">info@infinitilegal.com<\/a>, by phone<strong>: <\/strong>613-225-1808 or toll free: 1-877-703-5598, to discuss your business needs and we can provide a firm estimate of the required turnaround time.","_et_gb_content_width":""},"yoast_head":"<!-- This site is optimized with the Yoast SEO plugin v20.9 - https:\/\/yoast.com\/wordpress\/plugins\/seo\/ -->\n<title>FAQ-Services: Infiniti Legal Support Services<\/title>\n<meta name=\"description\" content=\"Faq-Services : Process serving and courthouse issuing and filing, Document retrieval, litigation search and due diligence, Authentication and legalization\" \/>\n<meta name=\"robots\" content=\"noindex, follow, max-snippet:-1, max-image-preview:large, max-video-preview:-1\" \/>\n<meta name=\"twitter:label1\" content=\"Dur\u00e9e de lecture estim\u00e9e\" \/>\n\t<meta name=\"twitter:data1\" content=\"4 minutes\" \/>\n<script type=\"application\/ld+json\" class=\"yoast-schema-graph\">{\"@context\":\"https:\/\/schema.org\",\"@graph\":[{\"@type\":\"WebPage\",\"@id\":\"https:\/\/infinitilegal.com\/fr\/faq-services\/\",\"url\":\"https:\/\/infinitilegal.com\/fr\/faq-services\/\",\"name\":\"FAQ-Services: Infiniti Legal Support Services\",\"isPartOf\":{\"@id\":\"https:\/\/infinitilegal.com\/fr\/#website\"},\"datePublished\":\"2011-05-13T18:20:01+00:00\",\"dateModified\":\"2022-11-04T12:15:54+00:00\",\"description\":\"Faq-Services : Process serving and courthouse issuing and filing, Document retrieval, litigation search and due diligence, Authentication and legalization\",\"breadcrumb\":{\"@id\":\"https:\/\/infinitilegal.com\/fr\/faq-services\/#breadcrumb\"},\"inLanguage\":\"fr-FR\",\"potentialAction\":[{\"@type\":\"ReadAction\",\"target\":[\"https:\/\/infinitilegal.com\/fr\/faq-services\/\"]}]},{\"@type\":\"BreadcrumbList\",\"@id\":\"https:\/\/infinitilegal.com\/fr\/faq-services\/#breadcrumb\",\"itemListElement\":[{\"@type\":\"ListItem\",\"position\":1,\"name\":\"Home\",\"item\":\"https:\/\/infinitilegal.com\/fr\/\"},{\"@type\":\"ListItem\",\"position\":2,\"name\":\"FAQs\"}]},{\"@type\":\"WebSite\",\"@id\":\"https:\/\/infinitilegal.com\/fr\/#website\",\"url\":\"https:\/\/infinitilegal.com\/fr\/\",\"name\":\"Infiniti Legal Support Services\",\"description\":\"Process Serving, Due Diligence, Authentication, Legalization, Court Filing, Litigation Search, Document Retrieval, Document Copying\",\"potentialAction\":[{\"@type\":\"SearchAction\",\"target\":{\"@type\":\"EntryPoint\",\"urlTemplate\":\"https:\/\/infinitilegal.com\/fr\/?s={search_term_string}\"},\"query-input\":\"required name=search_term_string\"}],\"inLanguage\":\"fr-FR\"}]}<\/script>\n<!-- \/ Yoast SEO plugin. -->","yoast_head_json":{"title":"FAQ-Services: Infiniti Legal Support Services","description":"Faq-Services : Process serving and courthouse issuing and filing, Document retrieval, litigation search and due diligence, Authentication and legalization","robots":{"index":"noindex","follow":"follow","max-snippet":"max-snippet:-1","max-image-preview":"max-image-preview:large","max-video-preview":"max-video-preview:-1"},"twitter_misc":{"Dur\u00e9e de lecture estim\u00e9e":"4 minutes"},"schema":{"@context":"https:\/\/schema.org","@graph":[{"@type":"WebPage","@id":"https:\/\/infinitilegal.com\/fr\/faq-services\/","url":"https:\/\/infinitilegal.com\/fr\/faq-services\/","name":"FAQ-Services: Infiniti Legal Support Services","isPartOf":{"@id":"https:\/\/infinitilegal.com\/fr\/#website"},"datePublished":"2011-05-13T18:20:01+00:00","dateModified":"2022-11-04T12:15:54+00:00","description":"Faq-Services : Process serving and courthouse issuing and filing, Document retrieval, litigation search and due diligence, Authentication and legalization","breadcrumb":{"@id":"https:\/\/infinitilegal.com\/fr\/faq-services\/#breadcrumb"},"inLanguage":"fr-FR","potentialAction":[{"@type":"ReadAction","target":["https:\/\/infinitilegal.com\/fr\/faq-services\/"]}]},{"@type":"BreadcrumbList","@id":"https:\/\/infinitilegal.com\/fr\/faq-services\/#breadcrumb","itemListElement":[{"@type":"ListItem","position":1,"name":"Home","item":"https:\/\/infinitilegal.com\/fr\/"},{"@type":"ListItem","position":2,"name":"FAQs"}]},{"@type":"WebSite","@id":"https:\/\/infinitilegal.com\/fr\/#website","url":"https:\/\/infinitilegal.com\/fr\/","name":"Infiniti Legal Support Services","description":"Process Serving, Due Diligence, Authentication, Legalization, Court Filing, Litigation Search, Document Retrieval, Document Copying","potentialAction":[{"@type":"SearchAction","target":{"@type":"EntryPoint","urlTemplate":"https:\/\/infinitilegal.com\/fr\/?s={search_term_string}"},"query-input":"required name=search_term_string"}],"inLanguage":"fr-FR"}]}},"_links":{"self":[{"href":"https:\/\/infinitilegal.com\/fr\/wp-json\/wp\/v2\/pages\/1236"}],"collection":[{"href":"https:\/\/infinitilegal.com\/fr\/wp-json\/wp\/v2\/pages"}],"about":[{"href":"https:\/\/infinitilegal.com\/fr\/wp-json\/wp\/v2\/types\/page"}],"author":[{"embeddable":true,"href":"https:\/\/infinitilegal.com\/fr\/wp-json\/wp\/v2\/users\/1"}],"replies":[{"embeddable":true,"href":"https:\/\/infinitilegal.com\/fr\/wp-json\/wp\/v2\/comments?post=1236"}],"version-history":[{"count":0,"href":"https:\/\/infinitilegal.com\/fr\/wp-json\/wp\/v2\/pages\/1236\/revisions"}],"wp:featuredmedia":[{"embeddable":true,"href":"https:\/\/infinitilegal.com\/fr\/wp-json\/wp\/v2\/media\/1353"}],"wp:attachment":[{"href":"https:\/\/infinitilegal.com\/fr\/wp-json\/wp\/v2\/media?parent=1236"}],"curies":[{"name":"wp","href":"https:\/\/api.w.org\/{rel}","templated":true}]}}