{"id":1382,"date":"2011-05-13T18:20:11","date_gmt":"2011-05-13T18:20:11","guid":{"rendered":"https:\/\/staging.infinitilegal.ca\/contact\/"},"modified":"2022-11-07T16:44:33","modified_gmt":"2022-11-07T16:44:33","slug":"contactez-nous","status":"publish","type":"page","link":"https:\/\/infinitilegal.com\/fr\/contactez-nous\/","title":{"rendered":"Contactez-Nous"},"content":{"rendered":"<p>[et_pb_section fb_built=\u00a0\u00bb1&Prime; admin_label=\u00a0\u00bbsection\u00a0\u00bb _builder_version=\u00a0\u00bb4.19.0&Prime; custom_padding=\u00a0\u00bb0px||||false|false\u00a0\u00bb global_colors_info=\u00a0\u00bb{}\u00a0\u00bb][et_pb_row _builder_version=\u00a0\u00bb4.19.0&Prime; _module_preset=\u00a0\u00bbdefault\u00a0\u00bb global_colors_info=\u00a0\u00bb{}\u00a0\u00bb][et_pb_column type=\u00a0\u00bb4_4&Prime; _builder_version=\u00a0\u00bb4.19.0&Prime; _module_preset=\u00a0\u00bbdefault\u00a0\u00bb global_colors_info=\u00a0\u00bb{}\u00a0\u00bb][et_pb_text admin_label=\u00a0\u00bbText\u00a0\u00bb _builder_version=\u00a0\u00bb4.19.0&Prime; background_size=\u00a0\u00bbinitial\u00a0\u00bb background_position=\u00a0\u00bbtop_left\u00a0\u00bb background_repeat=\u00a0\u00bbrepeat\u00a0\u00bb global_colors_info=\u00a0\u00bb{}\u00a0\u00bb]<\/p>\n<p><span>Nous appr\u00e9cions vos commentaires et questions et nous anticipons discutez avec vous. Si vous cherchez une r\u00e9ponse sp\u00e9cifique, veuillez vous r\u00e9f\u00e9rer \u00e0 notre section\u00a0<\/span><a title=\"FAQs\" href=\"http:\/\/infinitilegal.com\/fr\/faqs\/\">Foire aux questions (FAQs)<\/a><a title=\"FAQs\" href=\"http:\/\/infinitilegal.com\/fr\/faqs\/\"><span>\u00a0<\/span><\/a><span>o\u00f9 nous r\u00e9pondons \u00e0 la plupart des questions populaires.<\/span><\/p>\n<p><span style=\"color: #01224a; font-size: 26px;\">Demandes de renseignements g\u00e9n\u00e9raux<br \/><\/span><\/p>\n<div id=\"contact-form\">\n<p>Utilisez ce formulaire pour la r\u00e9troaction et les renseignements g\u00e9n\u00e9raux.\u00a0<\/p>\n<div role=\"form\" class=\"wpcf7\" id=\"wpcf7-f753-p66-o1\" dir=\"ltr\"><\/div>\n<\/div>\n<p>[\/et_pb_text][\/et_pb_column][\/et_pb_row][et_pb_row column_structure=\u00a0\u00bb1_3,2_3&Prime; admin_label=\u00a0\u00bbrow\u00a0\u00bb _builder_version=\u00a0\u00bb4.19.0&Prime; background_size=\u00a0\u00bbinitial\u00a0\u00bb background_position=\u00a0\u00bbtop_left\u00a0\u00bb background_repeat=\u00a0\u00bbrepeat\u00a0\u00bb global_colors_info=\u00a0\u00bb{}\u00a0\u00bb][et_pb_column type=\u00a0\u00bb1_3&Prime; _builder_version=\u00a0\u00bb4.16&Prime; custom_padding=\u00a0\u00bb|||\u00a0\u00bb global_colors_info=\u00a0\u00bb{}\u00a0\u00bb custom_padding__hover=\u00a0\u00bb|||\u00a0\u00bb][et_pb_text _builder_version=\u00a0\u00bb4.19.0&Prime; _module_preset=\u00a0\u00bbdefault\u00a0\u00bb global_colors_info=\u00a0\u00bb{}\u00a0\u00bb]<\/p>\n<h2>Infiniti Legal<\/h2>\n<p>307-176 Gloucester Street,<br \/>Ottawa, ON K2P 0A6<\/p>\n<p>Sans Frais:<span>\u00a0<\/span><a href=\"tel:18777035598\">1-877-703-5598<\/a><br \/>T\u00e9l\u00e9phone:<span>\u00a0<\/span><a href=\"tel:6132251808\">613-225-1808<\/a><br \/>Fax: <span>613-727-0843<\/span><br \/>Courriel:<span>\u00a0<\/span><a href=\"mailto:info@infinitilegal.com\">info@infinitilegal.com<\/a><\/p>\n<p>[\/et_pb_text][\/et_pb_column][et_pb_column type=\u00a0\u00bb2_3&Prime; _builder_version=\u00a0\u00bb4.16&Prime; custom_padding=\u00a0\u00bb|||\u00a0\u00bb global_colors_info=\u00a0\u00bb{}\u00a0\u00bb custom_padding__hover=\u00a0\u00bb|||\u00a0\u00bb][et_pb_code _builder_version=\u00a0\u00bb4.19.0&Prime; _module_preset=\u00a0\u00bbdefault\u00a0\u00bb global_colors_info=\u00a0\u00bb{}\u00a0\u00bb]<iframe src=\"https:\/\/www.google.com\/maps\/embed?pb=!1m18!1m12!1m3!1d2800.5707710528795!2d-75.70033584916564!3d45.417994444444346!2m3!1f0!2f0!3f0!3m2!1i1024!2i768!4f13.1!3m3!1m2!1s0x4cce04027b0c4325%3A0xa86f79d80314e173!2sInfiniti%20Legal%20Support%20Services%20Inc.!5e0!3m2!1sen!2sca!4v1667525686752!5m2!1sen!2sca\" width=\"100%\" height=\"450\" style=\"border:0;\" allowfullscreen=\"\" loading=\"lazy\" referrerpolicy=\"no-referrer-when-downgrade\"><\/iframe>[\/et_pb_code][\/et_pb_column][\/et_pb_row][\/et_pb_section]<\/p>\n","protected":false},"excerpt":{"rendered":"<p>Nous appr\u00e9cions vos commentaires et questions et nous anticipons discutez avec vous. Si vous cherchez une r\u00e9ponse sp\u00e9cifique, veuillez vous r\u00e9f\u00e9rer \u00e0 notre section\u00a0Foire aux questions (FAQs)\u00a0o\u00f9 nous r\u00e9pondons \u00e0 la plupart des questions populaires. Demandes de renseignements g\u00e9n\u00e9raux Utilisez ce formulaire pour la r\u00e9troaction et les renseignements g\u00e9n\u00e9raux.\u00a0 Infiniti Legal 307-176 Gloucester Street,Ottawa, ON [&hellip;]<\/p>\n","protected":false},"author":1,"featured_media":1353,"parent":0,"menu_order":0,"comment_status":"closed","ping_status":"closed","template":"","meta":{"_et_pb_use_builder":"on","_et_pb_old_content":"<img class=\"alignnone wp-image-345 size-full\" title=\"contact\" src=\"https:\/\/infinitilegal.com\/wp-content\/uploads\/2011\/05\/contact.jpg\" alt=\"Contact us today: Process serving and courthouse issuing and filing Document retrieval, litigation search and due diligence Authentication and legalization of foreign papers\" width=\"670\" height=\"140\" \/>\r\n\r\nWe welcome your feedback and enquiries and look forward to hearing from you. If you are looking for an answer to a specific question, please make sure you refer to our <a title=\"FAQs\" href=\"https:\/\/infinitilegal.com\/\/faqs\/\">Frequently Asked Questions (FAQs) <\/a>section where we cover the most popular questions.\r\n<div id=\"contact-form\">\r\n<h2>General enquiries<\/h2>\r\nUse this form for all general feedback and enquiries. Required fields are marked with <span class=\"red\">*<\/span>\r\n\r\n[contact-form 1 \"Contact form 1\"]\r\n\r\n<\/div>","_et_gb_content_width":""},"yoast_head":"<!-- This site is optimized with the Yoast SEO plugin v20.9 - https:\/\/yoast.com\/wordpress\/plugins\/seo\/ -->\n<title>Contactez-Nous - Infiniti Legal Support Services<\/title>\n<meta name=\"description\" content=\"Contact: Get in touch with us today! We welcome your feedback and inquiries and look forward to hearing from you. Please make sure you refer to our (FAQs)..\" \/>\n<meta name=\"robots\" content=\"noindex, follow, max-snippet:-1, max-image-preview:large, max-video-preview:-1\" \/>\n<script type=\"application\/ld+json\" class=\"yoast-schema-graph\">{\"@context\":\"https:\/\/schema.org\",\"@graph\":[{\"@type\":\"WebPage\",\"@id\":\"https:\/\/infinitilegal.com\/fr\/contactez-nous\/\",\"url\":\"https:\/\/infinitilegal.com\/fr\/contactez-nous\/\",\"name\":\"Contactez-Nous - Infiniti Legal Support Services\",\"isPartOf\":{\"@id\":\"https:\/\/infinitilegal.com\/fr\/#website\"},\"datePublished\":\"2011-05-13T18:20:11+00:00\",\"dateModified\":\"2022-11-07T16:44:33+00:00\",\"description\":\"Contact: Get in touch with us today! We welcome your feedback and inquiries and look forward to hearing from you. Please make sure you refer to our (FAQs)..\",\"breadcrumb\":{\"@id\":\"https:\/\/infinitilegal.com\/fr\/contactez-nous\/#breadcrumb\"},\"inLanguage\":\"fr-FR\",\"potentialAction\":[{\"@type\":\"ReadAction\",\"target\":[\"https:\/\/infinitilegal.com\/fr\/contactez-nous\/\"]}]},{\"@type\":\"BreadcrumbList\",\"@id\":\"https:\/\/infinitilegal.com\/fr\/contactez-nous\/#breadcrumb\",\"itemListElement\":[{\"@type\":\"ListItem\",\"position\":1,\"name\":\"Home\",\"item\":\"https:\/\/infinitilegal.com\/fr\/\"},{\"@type\":\"ListItem\",\"position\":2,\"name\":\"Contactez-Nous\"}]},{\"@type\":\"WebSite\",\"@id\":\"https:\/\/infinitilegal.com\/fr\/#website\",\"url\":\"https:\/\/infinitilegal.com\/fr\/\",\"name\":\"Infiniti Legal Support Services\",\"description\":\"Process Serving, Due Diligence, Authentication, Legalization, Court Filing, Litigation Search, Document Retrieval, Document Copying\",\"potentialAction\":[{\"@type\":\"SearchAction\",\"target\":{\"@type\":\"EntryPoint\",\"urlTemplate\":\"https:\/\/infinitilegal.com\/fr\/?s={search_term_string}\"},\"query-input\":\"required name=search_term_string\"}],\"inLanguage\":\"fr-FR\"}]}<\/script>\n<!-- \/ Yoast SEO plugin. -->","yoast_head_json":{"title":"Contactez-Nous - Infiniti Legal Support Services","description":"Contact: Get in touch with us today! We welcome your feedback and inquiries and look forward to hearing from you. Please make sure you refer to our (FAQs)..","robots":{"index":"noindex","follow":"follow","max-snippet":"max-snippet:-1","max-image-preview":"max-image-preview:large","max-video-preview":"max-video-preview:-1"},"schema":{"@context":"https:\/\/schema.org","@graph":[{"@type":"WebPage","@id":"https:\/\/infinitilegal.com\/fr\/contactez-nous\/","url":"https:\/\/infinitilegal.com\/fr\/contactez-nous\/","name":"Contactez-Nous - Infiniti Legal Support Services","isPartOf":{"@id":"https:\/\/infinitilegal.com\/fr\/#website"},"datePublished":"2011-05-13T18:20:11+00:00","dateModified":"2022-11-07T16:44:33+00:00","description":"Contact: Get in touch with us today! We welcome your feedback and inquiries and look forward to hearing from you. Please make sure you refer to our (FAQs)..","breadcrumb":{"@id":"https:\/\/infinitilegal.com\/fr\/contactez-nous\/#breadcrumb"},"inLanguage":"fr-FR","potentialAction":[{"@type":"ReadAction","target":["https:\/\/infinitilegal.com\/fr\/contactez-nous\/"]}]},{"@type":"BreadcrumbList","@id":"https:\/\/infinitilegal.com\/fr\/contactez-nous\/#breadcrumb","itemListElement":[{"@type":"ListItem","position":1,"name":"Home","item":"https:\/\/infinitilegal.com\/fr\/"},{"@type":"ListItem","position":2,"name":"Contactez-Nous"}]},{"@type":"WebSite","@id":"https:\/\/infinitilegal.com\/fr\/#website","url":"https:\/\/infinitilegal.com\/fr\/","name":"Infiniti Legal Support Services","description":"Process Serving, Due Diligence, Authentication, Legalization, Court Filing, Litigation Search, Document Retrieval, Document Copying","potentialAction":[{"@type":"SearchAction","target":{"@type":"EntryPoint","urlTemplate":"https:\/\/infinitilegal.com\/fr\/?s={search_term_string}"},"query-input":"required name=search_term_string"}],"inLanguage":"fr-FR"}]}},"_links":{"self":[{"href":"https:\/\/infinitilegal.com\/fr\/wp-json\/wp\/v2\/pages\/1382"}],"collection":[{"href":"https:\/\/infinitilegal.com\/fr\/wp-json\/wp\/v2\/pages"}],"about":[{"href":"https:\/\/infinitilegal.com\/fr\/wp-json\/wp\/v2\/types\/page"}],"author":[{"embeddable":true,"href":"https:\/\/infinitilegal.com\/fr\/wp-json\/wp\/v2\/users\/1"}],"replies":[{"embeddable":true,"href":"https:\/\/infinitilegal.com\/fr\/wp-json\/wp\/v2\/comments?post=1382"}],"version-history":[{"count":1,"href":"https:\/\/infinitilegal.com\/fr\/wp-json\/wp\/v2\/pages\/1382\/revisions"}],"predecessor-version":[{"id":1556,"href":"https:\/\/infinitilegal.com\/fr\/wp-json\/wp\/v2\/pages\/1382\/revisions\/1556"}],"wp:featuredmedia":[{"embeddable":true,"href":"https:\/\/infinitilegal.com\/fr\/wp-json\/wp\/v2\/media\/1353"}],"wp:attachment":[{"href":"https:\/\/infinitilegal.com\/fr\/wp-json\/wp\/v2\/media?parent=1382"}],"curies":[{"name":"wp","href":"https:\/\/api.w.org\/{rel}","templated":true}]}}