{"id":1396,"date":"2011-05-13T18:19:47","date_gmt":"2011-05-13T18:19:47","guid":{"rendered":"https:\/\/staging.infinitilegal.ca\/about\/"},"modified":"2022-11-04T11:16:25","modified_gmt":"2022-11-04T11:16:25","slug":"nous-connaitre","status":"publish","type":"page","link":"https:\/\/infinitilegal.com\/fr\/nous-connaitre\/","title":{"rendered":"Nous Conna\u00eetre"},"content":{"rendered":"<p>[et_pb_section fb_built=\u00a0\u00bb1&Prime; admin_label=\u00a0\u00bbsection\u00a0\u00bb _builder_version=\u00a0\u00bb4.18.1&Prime; custom_padding=\u00a0\u00bb0px||||false|false\u00a0\u00bb global_colors_info=\u00a0\u00bb{}\u00a0\u00bb][et_pb_row admin_label=\u00a0\u00bbrow\u00a0\u00bb _builder_version=\u00a0\u00bb4.16&Prime; background_size=\u00a0\u00bbinitial\u00a0\u00bb background_position=\u00a0\u00bbtop_left\u00a0\u00bb background_repeat=\u00a0\u00bbrepeat\u00a0\u00bb global_colors_info=\u00a0\u00bb{}\u00a0\u00bb][et_pb_column type=\u00a0\u00bb4_4&Prime; _builder_version=\u00a0\u00bb4.16&Prime; custom_padding=\u00a0\u00bb|||\u00a0\u00bb global_colors_info=\u00a0\u00bb{}\u00a0\u00bb custom_padding__hover=\u00a0\u00bb|||\u00a0\u00bb][et_pb_text admin_label=\u00a0\u00bbText\u00a0\u00bb _builder_version=\u00a0\u00bb4.19.0&Prime; background_size=\u00a0\u00bbinitial\u00a0\u00bb background_position=\u00a0\u00bbtop_left\u00a0\u00bb background_repeat=\u00a0\u00bbrepeat\u00a0\u00bb hover_enabled=\u00a0\u00bb0&Prime; global_colors_info=\u00a0\u00bb{}\u00a0\u00bb sticky_enabled=\u00a0\u00bb0&Prime;]<\/p>\n<h2>Infiniti Legal Support Services (autrefois Maplesoft Legal Support Services) exploite ses op\u00e9rations depuis plus de 30 ann\u00e9es, offrant une gamme compl\u00e8te de services \u00e0 notre inestimable client\u00e8le de base : cabinets d\u2019avocats et d\u2019avou\u00e9s, banques, les soci\u00e9t\u00e9s de fiducie, les organismes gouvernementaux, les soci\u00e9t\u00e9s d\u2019\u00c9tat, et les entreprises du secteur priv\u00e9.<\/h2>\n<p>Bas\u00e9e \u00e0 Ottawa, Ontario, Canada, l\u2019\u00e9quipe d\u2019experts d\u2019Infiniti Legal Support Services et le r\u00e9seau de partenaires et de filiales de confiance offrent des services de qualit\u00e9 bilingues partout dans le monde.<\/p>\n<h2>Services de soutien juridique portefeuille<\/h2>\n<p>Infiniti a fait ses preuves dans une gamme de services dans les domaines cl\u00e9s suivants :<\/p>\n<ul>\n<li><a title=\"Significations\" href=\"http:\/\/infinitilegal.com\/fr\/services\/significations\/\">Significations et \u00e9mission et d\u00e9p\u00f4ts aux tribunaux<\/a><\/li>\n<li><a title=\"Recherche Documentaires et Recherche des Litiges\" href=\"http:\/\/infinitilegal.com\/fr\/services\/recherche-documentaires-et-recherche-des-litiges\/\">R\u00e9cup\u00e9ration de document, recherche de litige et diligence raisonnable<\/a><\/li>\n<li><a title=\"Authentification et L\u00e9galisation\" href=\"http:\/\/infinitilegal.com\/fr\/services\/authentification-et-legalisation\/\">Authentification et l\u00e9galisation de la documentation \u00e9trang\u00e8re<\/a><\/li>\n<\/ul>\n<h2>Accessibilit\u00e9<\/h2>\n<p>Le personnel des bureaux d\u2019Infiniti Legal Support Services, Ottawa, Ontario, Canada est au complet chaque jour ouvrable (du lundi au vendredi) de 8h00 \u00e0 17h00 HNE, ce qui veut dire que notre \u00e9quipe aimable et comp\u00e9tente est pratiquement toujours disponible pour prendre votre appel. L\u2019\u00e9quipe permanente d\u2019Ottawa est compl\u00e9t\u00e9e par notre r\u00e9seau d\u2019agents et de partenaires de confiance partout dans le monde et couvre plusieurs fuseaux horaires.<\/p>\n<p>Le personnel des bureaux d\u2019Infiniti Legal Support Services, Ottawa, Ontario, Canada est au complet chaque jour ouvrable (du lundi au vendredi) de 8h00 \u00e0 17h00 HNE, ce qui veut dire que notre \u00e9quipe aimable et comp\u00e9tente est pratiquement toujours disponible pour prendre votre appel. L\u2019\u00e9quipe permanente d\u2019Ottawa est compl\u00e9t\u00e9e par notre r\u00e9seau d\u2019agents et de partenaires de confiance partout dans le monde et couvre plusieurs fuseaux horaires.<\/p>\n<h2>Membre d\u2019associations professionnelle<\/h2>\n<p>Chez Infiniti Legal Support Services, l\u2019adh\u00e9sion \u00e0 des associations professionnelles est une importante partie de notre strat\u00e9gie pour nous assurer de demeurer \u00e0 la fine pointe des exigences et des techniques de l\u2019industrie en \u00e9volution et de continuer \u00e0 d\u00e9velopper notre r\u00e9seau d\u2019experts. Infiniti est un membre des associations professionnelles suivantes :<\/p>\n<ul>\n<li><a href=\"http:\/\/www.napps.org\/\">National Association of Professional Process Servers<\/a><span>\u00a0<\/span>(NAPPS)<\/li>\n<li><a href=\"http:\/\/www.oapsor.ca\/\">Ontario Association of Professional Searchers of Record<\/a><span>\u00a0<\/span>(OAPSOR)<\/li>\n<li><a href=\"http:\/\/www.prrn.us\/\">Public Record Retriever Network<\/a><span>\u00a0<\/span>(PRRN)<\/li>\n<li><a href=\"http:\/\/www.npps.net\/\">National Professional Process Server Network<\/a><span>\u00a0<\/span>(NPPSN)<\/li>\n<li><a href=\"http:\/\/www.iafci.org\/\">International Association of Financial Crimes Investigations<\/a><span>\u00a0<\/span>(IAFC)<\/li>\n<\/ul>\n<h2>L\u2019\u00e9quipe Infiniti<\/h2>\n<p>Pour savoir plus sur l\u2019\u00e9quipe d\u2019assistance juridique Infiniti, veuillez vous r\u00e9f\u00e9rer \u00e0 notre<span>\u00a0<\/span><a title=\"L\u2019\u00e9quipe Infiniti\" href=\"http:\/\/infinitilegal.com\/fr\/nous-connaitre\/lequipe-infiniti\/\">page de l\u2019\u00e9quipe<\/a>.<\/p>\n<p>[\/et_pb_text][\/et_pb_column][\/et_pb_row][\/et_pb_section]<\/p>\n","protected":false},"excerpt":{"rendered":"<p>Infiniti Legal Support Services (autrefois Maplesoft Legal Support Services) exploite ses op\u00e9rations depuis plus de 30 ann\u00e9es, offrant une gamme compl\u00e8te de services \u00e0 notre inestimable client\u00e8le de base : cabinets d\u2019avocats et d\u2019avou\u00e9s, banques, les soci\u00e9t\u00e9s de fiducie, les organismes gouvernementaux, les soci\u00e9t\u00e9s d\u2019\u00c9tat, et les entreprises du secteur priv\u00e9. Bas\u00e9e \u00e0 Ottawa, Ontario, [&hellip;]<\/p>\n","protected":false},"author":1,"featured_media":1353,"parent":0,"menu_order":0,"comment_status":"closed","ping_status":"closed","template":"","meta":{"_et_pb_use_builder":"on","_et_pb_old_content":"<a href=\"https:\/\/infinitilegal.com\/wp-content\/uploads\/2011\/05\/about-stock.jpg\"><img class=\"alignnone wp-image-340 size-full\" title=\"Infiniti Legal- About us\" src=\"https:\/\/infinitilegal.com\/wp-content\/uploads\/2011\/05\/about-stock.jpg\" alt=\"Quality Legal Support Services: Process Serving, Court Filing, Document Authentication and Legalization, Document Legalization, Issuing and filling, etc.\" width=\"475\" height=\"140\" \/><\/a>\r\n<h2>We have an opening at Infiniti for a Case Manager Professional.\u00a0 To view the duties and qualifications for this position please\u00a0click here:\u00a0<strong><a href=\"https:\/\/infinitilegal.com\/about\/careers\/\" target=\"_blank\">Specialist \u2013 Court Services and Process Serving<\/a><\/strong><\/h2>\r\n&nbsp;\r\n<h2>Infiniti Legal Support Services has been in operation for more than 30 years, providing a full range of services to our valued client base of law firms and solicitors, banks, trust companies, government agencies, crown corporations, and private sector businesses.<\/h2>\r\nHeadquartered in Ottawa, Ontario, Canada, Infiniti Legal Support Services expert staff and trusted network of partners and affiliates provides quality bilingual services around the world.\r\n<h2>Legal Support Services Portfolio<\/h2>\r\nOur proven, comprehensive services portfolio covers these key areas:\r\n<ul>\r\n\t<li><a title=\"Process Serving\" href=\"https:\/\/infinitilegal.com\/services\/process-serving\/\">Process serving and courthouse issuing and filing<\/a><\/li>\r\n\t<li><a title=\"Document Retrieval and Litigation Search\" href=\"https:\/\/infinitilegal.com\/services\/document-retrieval-and-litigation-search\/\">Document retrieval, litigation search and due diligence<\/a><\/li>\r\n\t<li><a title=\"Authentication and Legalization\" href=\"https:\/\/infinitilegal.com\/services\/authentication-and-legalization\/\">Authentication and legalization of foreign papers<\/a><\/li>\r\n<\/ul>\r\n<h2>Accessibility<\/h2>\r\nThe Infiniti Legal Support Services Ottawa, Ontario, Canada office is fully staffed each business day (Monday to Friday) from 8:00 am to 5:00 pm EST, meaning our friendly, knowledgeable team is virtually always available to take your call. The core Ottawa team is complemented by our trusted agents and partner network operating worldwide and covering multiple time zones.\r\n\r\nThe Infiniti team is also easily accessible through your preferred communication mode (phone, fax, email) and we pride ourselves in providing accurate, dependable results in the professional manner you deserve. For your peace of mind, Infiniti Legal Support Services is also fully insured for errors and omissions.\r\n<h2>Professional Association Membership<\/h2>\r\nProfessional association memberships are an important part of our strategy to ensure we stay on top of changing industry requirements and techniques and continue to grow our trusted expert network. \u00a0Infiniti Legal Support Services is a member of the following professional associations:\r\n<ul>\r\n\t<li><a href=\"http:\/\/www.napps.org\/\">National Association of Professional Process Servers<\/a> (NAPPS)<\/li>\r\n\t<li><a href=\"http:\/\/www.oapsor.ca\/\">Ontario Association of Professional Searchers of Record<\/a> (OAPSOR)<\/li>\r\n\t<li><a href=\"http:\/\/www.prrn.us\/\">Public Record Retriever Network<\/a> (PRRN)<\/li>\r\n\t<li><a href=\"http:\/\/www.npps.net\/\">National Professional Process Server Network<\/a> (NPPSN)<\/li>\r\n\t<li><a href=\"http:\/\/www.iafci.org\/\">International Association of Financial Crimes Investigations<\/a> (IAFC)<\/li>\r\n<\/ul>\r\n<h2>The Infiniti Team<\/h2>\r\nTo find out more about the Infiniti Legal Support team, please visit\u00a0<a title=\"Our team\" href=\"https:\/\/infinitilegal.com\/\/about-us\/our-team\/\">our team page<\/a>.","_et_gb_content_width":""},"yoast_head":"<!-- This site is optimized with the Yoast SEO plugin v20.9 - https:\/\/yoast.com\/wordpress\/plugins\/seo\/ -->\n<title>Infiniti Legal Support Services- About Us<\/title>\n<meta name=\"description\" content=\"Quality Legal Support Services: Process Serving, Court Filing, Document Authentication and Legalization, Document Legalization, Issuing and filling,etc.\" \/>\n<meta name=\"robots\" content=\"noindex, follow, max-snippet:-1, max-image-preview:large, max-video-preview:-1\" \/>\n<meta name=\"twitter:label1\" content=\"Dur\u00e9e de lecture estim\u00e9e\" \/>\n\t<meta name=\"twitter:data1\" content=\"2 minutes\" \/>\n<script type=\"application\/ld+json\" class=\"yoast-schema-graph\">{\"@context\":\"https:\/\/schema.org\",\"@graph\":[{\"@type\":\"WebPage\",\"@id\":\"https:\/\/infinitilegal.com\/fr\/nous-connaitre\/\",\"url\":\"https:\/\/infinitilegal.com\/fr\/nous-connaitre\/\",\"name\":\"Infiniti Legal Support Services- About Us\",\"isPartOf\":{\"@id\":\"https:\/\/infinitilegal.com\/fr\/#website\"},\"datePublished\":\"2011-05-13T18:19:47+00:00\",\"dateModified\":\"2022-11-04T11:16:25+00:00\",\"description\":\"Quality Legal Support Services: Process Serving, Court Filing, Document Authentication and Legalization, Document Legalization, Issuing and filling,etc.\",\"breadcrumb\":{\"@id\":\"https:\/\/infinitilegal.com\/fr\/nous-connaitre\/#breadcrumb\"},\"inLanguage\":\"fr-FR\",\"potentialAction\":[{\"@type\":\"ReadAction\",\"target\":[\"https:\/\/infinitilegal.com\/fr\/nous-connaitre\/\"]}]},{\"@type\":\"BreadcrumbList\",\"@id\":\"https:\/\/infinitilegal.com\/fr\/nous-connaitre\/#breadcrumb\",\"itemListElement\":[{\"@type\":\"ListItem\",\"position\":1,\"name\":\"Home\",\"item\":\"https:\/\/infinitilegal.com\/fr\/\"},{\"@type\":\"ListItem\",\"position\":2,\"name\":\"Nous Conna\u00eetre\"}]},{\"@type\":\"WebSite\",\"@id\":\"https:\/\/infinitilegal.com\/fr\/#website\",\"url\":\"https:\/\/infinitilegal.com\/fr\/\",\"name\":\"Infiniti Legal Support Services\",\"description\":\"Process Serving, Due Diligence, Authentication, Legalization, Court Filing, Litigation Search, Document Retrieval, Document Copying\",\"potentialAction\":[{\"@type\":\"SearchAction\",\"target\":{\"@type\":\"EntryPoint\",\"urlTemplate\":\"https:\/\/infinitilegal.com\/fr\/?s={search_term_string}\"},\"query-input\":\"required name=search_term_string\"}],\"inLanguage\":\"fr-FR\"}]}<\/script>\n<!-- \/ Yoast SEO plugin. -->","yoast_head_json":{"title":"Infiniti Legal Support Services- About Us","description":"Quality Legal Support Services: Process Serving, Court Filing, Document Authentication and Legalization, Document Legalization, Issuing and filling,etc.","robots":{"index":"noindex","follow":"follow","max-snippet":"max-snippet:-1","max-image-preview":"max-image-preview:large","max-video-preview":"max-video-preview:-1"},"twitter_misc":{"Dur\u00e9e de lecture estim\u00e9e":"2 minutes"},"schema":{"@context":"https:\/\/schema.org","@graph":[{"@type":"WebPage","@id":"https:\/\/infinitilegal.com\/fr\/nous-connaitre\/","url":"https:\/\/infinitilegal.com\/fr\/nous-connaitre\/","name":"Infiniti Legal Support Services- About Us","isPartOf":{"@id":"https:\/\/infinitilegal.com\/fr\/#website"},"datePublished":"2011-05-13T18:19:47+00:00","dateModified":"2022-11-04T11:16:25+00:00","description":"Quality Legal Support Services: Process Serving, Court Filing, Document Authentication and Legalization, Document Legalization, Issuing and filling,etc.","breadcrumb":{"@id":"https:\/\/infinitilegal.com\/fr\/nous-connaitre\/#breadcrumb"},"inLanguage":"fr-FR","potentialAction":[{"@type":"ReadAction","target":["https:\/\/infinitilegal.com\/fr\/nous-connaitre\/"]}]},{"@type":"BreadcrumbList","@id":"https:\/\/infinitilegal.com\/fr\/nous-connaitre\/#breadcrumb","itemListElement":[{"@type":"ListItem","position":1,"name":"Home","item":"https:\/\/infinitilegal.com\/fr\/"},{"@type":"ListItem","position":2,"name":"Nous Conna\u00eetre"}]},{"@type":"WebSite","@id":"https:\/\/infinitilegal.com\/fr\/#website","url":"https:\/\/infinitilegal.com\/fr\/","name":"Infiniti Legal Support Services","description":"Process Serving, Due Diligence, Authentication, Legalization, Court Filing, Litigation Search, Document Retrieval, Document Copying","potentialAction":[{"@type":"SearchAction","target":{"@type":"EntryPoint","urlTemplate":"https:\/\/infinitilegal.com\/fr\/?s={search_term_string}"},"query-input":"required name=search_term_string"}],"inLanguage":"fr-FR"}]}},"_links":{"self":[{"href":"https:\/\/infinitilegal.com\/fr\/wp-json\/wp\/v2\/pages\/1396"}],"collection":[{"href":"https:\/\/infinitilegal.com\/fr\/wp-json\/wp\/v2\/pages"}],"about":[{"href":"https:\/\/infinitilegal.com\/fr\/wp-json\/wp\/v2\/types\/page"}],"author":[{"embeddable":true,"href":"https:\/\/infinitilegal.com\/fr\/wp-json\/wp\/v2\/users\/1"}],"replies":[{"embeddable":true,"href":"https:\/\/infinitilegal.com\/fr\/wp-json\/wp\/v2\/comments?post=1396"}],"version-history":[{"count":0,"href":"https:\/\/infinitilegal.com\/fr\/wp-json\/wp\/v2\/pages\/1396\/revisions"}],"wp:featuredmedia":[{"embeddable":true,"href":"https:\/\/infinitilegal.com\/fr\/wp-json\/wp\/v2\/media\/1353"}],"wp:attachment":[{"href":"https:\/\/infinitilegal.com\/fr\/wp-json\/wp\/v2\/media?parent=1396"}],"curies":[{"name":"wp","href":"https:\/\/api.w.org\/{rel}","templated":true}]}}