{"id":1400,"date":"2011-07-26T15:20:55","date_gmt":"2011-07-26T15:20:55","guid":{"rendered":"https:\/\/staging.infinitilegal.ca\/nous-connaitre\/careers\/"},"modified":"2022-11-04T11:18:27","modified_gmt":"2022-11-04T11:18:27","slug":"chercher-un-emploi","status":"publish","type":"page","link":"https:\/\/infinitilegal.com\/fr\/nous-connaitre\/chercher-un-emploi\/","title":{"rendered":"Chercher un Emploi"},"content":{"rendered":"<p>[et_pb_section fb_built=\u00a0\u00bb1&Prime; admin_label=\u00a0\u00bbsection\u00a0\u00bb _builder_version=\u00a0\u00bb4.19.0&Prime; custom_padding=\u00a0\u00bb0px||||false|false\u00a0\u00bb global_colors_info=\u00a0\u00bb{}\u00a0\u00bb][et_pb_row admin_label=\u00a0\u00bbrow\u00a0\u00bb _builder_version=\u00a0\u00bb4.16&Prime; background_size=\u00a0\u00bbinitial\u00a0\u00bb background_position=\u00a0\u00bbtop_left\u00a0\u00bb background_repeat=\u00a0\u00bbrepeat\u00a0\u00bb global_colors_info=\u00a0\u00bb{}\u00a0\u00bb][et_pb_column type=\u00a0\u00bb4_4&Prime; _builder_version=\u00a0\u00bb4.16&Prime; custom_padding=\u00a0\u00bb|||\u00a0\u00bb global_colors_info=\u00a0\u00bb{}\u00a0\u00bb custom_padding__hover=\u00a0\u00bb|||\u00a0\u00bb][et_pb_text admin_label=\u00a0\u00bbText\u00a0\u00bb _builder_version=\u00a0\u00bb4.19.0&Prime; background_size=\u00a0\u00bbinitial\u00a0\u00bb background_position=\u00a0\u00bbtop_left\u00a0\u00bb background_repeat=\u00a0\u00bbrepeat\u00a0\u00bb hover_enabled=\u00a0\u00bb0&Prime; global_colors_info=\u00a0\u00bb{}\u00a0\u00bb sticky_enabled=\u00a0\u00bb0&Prime;]<\/p>\n<h2>Croissance de nos activit\u00e9s, notre \u00e9quipe grandissante<\/h2>\n<p>Infiniti Legal Support Services est souvent la recherche des professionels pour compl\u00e9menter notre grande \u00e9quipe de gestionnaires de cas, des huissiers et des sp\u00e9cialistes de la recherche.<\/p>\n<p>Nous n\u2019avons pas de positions ouvertes en ce moment, mais s\u2019il vous pla\u00eet<span>\u00a0<\/span><a href=\"mailto:gianni.donatucci@infinitilegal.com?subject=Careers\">nous contacter<\/a><span>\u00a0<\/span>si vous \u00eates int\u00e9ress\u00e9s par une future carri\u00e8re avec Infiniti.<\/p>\n<p>[\/et_pb_text][\/et_pb_column][\/et_pb_row][\/et_pb_section]<\/p>\n","protected":false},"excerpt":{"rendered":"<p>Croissance de nos activit\u00e9s, notre \u00e9quipe grandissante Infiniti Legal Support Services est souvent la recherche des professionels pour compl\u00e9menter notre grande \u00e9quipe de gestionnaires de cas, des huissiers et des sp\u00e9cialistes de la recherche. Nous n\u2019avons pas de positions ouvertes en ce moment, mais s\u2019il vous pla\u00eet\u00a0nous contacter\u00a0si vous \u00eates int\u00e9ress\u00e9s par une future carri\u00e8re [&hellip;]<\/p>\n","protected":false},"author":1,"featured_media":1353,"parent":1396,"menu_order":0,"comment_status":"closed","ping_status":"closed","template":"","meta":{"_et_pb_use_builder":"on","_et_pb_old_content":"<h2>Growing our business, growing our team<\/h2>\r\nInfiniti Legal Support Services is frequently looking for legal support services professionals to complement our great team of case managers, process servers and research specialists.\r\n\r\nWe\u00a0have an open position for a Specialist \u2013 Court Services and Process Serving.\r\n\r\nAlthough experience is an asset, we will train any individual who meets our requirements.\r\n\r\nDuties:\r\n<ol>\r\n\t<li>Pickup and deliver documents in the National Capital Region from our clients\u2019 offices.<\/li>\r\n\t<li>Serve legal documents in the National Capital Region and surrounding areas, and plan your route before going out on your run.<\/li>\r\n\t<li>Take clear and legible notes when serving legal documents to update our customer management system, for the Case Managers who will be using them to write our affidavits, and for our records as they could be required to be admitted as evidence in court.<\/li>\r\n\t<li>Complete issuing and filings of court documents at various court counters.<\/li>\r\n\t<li>Complete copy jobs of court files.<\/li>\r\n\t<li>Conduct various types of litigation and other searches at Court House<\/li>\r\n\t<li>Obtain and maintain court receipts for credit card and billing purposes.<\/li>\r\n\t<li>Complete authentication of documents at Global Affairs Canada and legalization of documents at various Embassies.<\/li>\r\n\t<li>Make recommendations to support improved efficiency and service delivery.<\/li>\r\n\t<li>Provide other duties as required for the operations of the organization, whatever they may be.<\/li>\r\n<\/ol>\r\n&nbsp;\r\n\r\nQualifications and Knowledge\/Skills:\r\n<ol>\r\n\t<li>Hold a valid driver\u2019s license, excellent driving record and no criminal convictions or record.<\/li>\r\n\t<li>Have a reliable vehicle.<\/li>\r\n\t<li>Knowledge of whereabouts of cities, towns, municipalities in the National Capital Region and surrounding areas.<\/li>\r\n\t<li>Knowledge of processes and procedures at the Courthouse.<\/li>\r\n\t<li>Knowledge of processes and procedures at Global Affairs Canada and Embassies.<\/li>\r\n\t<li>Be very organized and able to prioritize work load.<\/li>\r\n\t<li>Strong team player and attentive to detail.<\/li>\r\n\t<li>Have strong interpersonal and communication skills.<\/li>\r\n\t<li>Have strong observation skills and good writing skills.<\/li>\r\n\t<li>Knowledge of the Microsoft Office suite (email, word processing).<\/li>\r\n<\/ol>\r\nFlexibility in work hours \u2013 may require evenings or weekends on occasion\r\n\r\nIf you are interested in applying, please send your CV to <a href=\"mailto:gianni.donatucci@infinitilegal.com\">gianni.donatucci@infinitilegal.com<\/a>\r\n\r\nThank you.","_et_gb_content_width":""},"yoast_head":"<!-- This site is optimized with the Yoast SEO plugin v20.9 - https:\/\/yoast.com\/wordpress\/plugins\/seo\/ -->\n<title>Chercher un Emploi - Infiniti Legal Support Services<\/title>\n<meta name=\"description\" content=\"Careers-Infiniti Legal Support Services is looking for professionals Case Managers, Process Servers and Research Specialists.\" \/>\n<meta name=\"robots\" content=\"noindex, follow, max-snippet:-1, max-image-preview:large, max-video-preview:-1\" \/>\n<meta name=\"twitter:label1\" content=\"Dur\u00e9e de lecture estim\u00e9e\" \/>\n\t<meta name=\"twitter:data1\" content=\"2 minutes\" \/>\n<script type=\"application\/ld+json\" class=\"yoast-schema-graph\">{\"@context\":\"https:\/\/schema.org\",\"@graph\":[{\"@type\":\"WebPage\",\"@id\":\"https:\/\/infinitilegal.com\/fr\/nous-connaitre\/chercher-un-emploi\/\",\"url\":\"https:\/\/infinitilegal.com\/fr\/nous-connaitre\/chercher-un-emploi\/\",\"name\":\"Chercher un Emploi - Infiniti Legal Support Services\",\"isPartOf\":{\"@id\":\"https:\/\/infinitilegal.com\/fr\/#website\"},\"datePublished\":\"2011-07-26T15:20:55+00:00\",\"dateModified\":\"2022-11-04T11:18:27+00:00\",\"description\":\"Careers-Infiniti Legal Support Services is looking for professionals Case Managers, Process Servers and Research Specialists.\",\"breadcrumb\":{\"@id\":\"https:\/\/infinitilegal.com\/fr\/nous-connaitre\/chercher-un-emploi\/#breadcrumb\"},\"inLanguage\":\"fr-FR\",\"potentialAction\":[{\"@type\":\"ReadAction\",\"target\":[\"https:\/\/infinitilegal.com\/fr\/nous-connaitre\/chercher-un-emploi\/\"]}]},{\"@type\":\"BreadcrumbList\",\"@id\":\"https:\/\/infinitilegal.com\/fr\/nous-connaitre\/chercher-un-emploi\/#breadcrumb\",\"itemListElement\":[{\"@type\":\"ListItem\",\"position\":1,\"name\":\"Home\",\"item\":\"https:\/\/infinitilegal.com\/fr\/\"},{\"@type\":\"ListItem\",\"position\":2,\"name\":\"Nous Conna\u00eetre\",\"item\":\"https:\/\/infinitilegal.com\/fr\/nous-connaitre\/\"},{\"@type\":\"ListItem\",\"position\":3,\"name\":\"Chercher un Emploi\"}]},{\"@type\":\"WebSite\",\"@id\":\"https:\/\/infinitilegal.com\/fr\/#website\",\"url\":\"https:\/\/infinitilegal.com\/fr\/\",\"name\":\"Infiniti Legal Support Services\",\"description\":\"Process Serving, Due Diligence, Authentication, Legalization, Court Filing, Litigation Search, Document Retrieval, Document Copying\",\"potentialAction\":[{\"@type\":\"SearchAction\",\"target\":{\"@type\":\"EntryPoint\",\"urlTemplate\":\"https:\/\/infinitilegal.com\/fr\/?s={search_term_string}\"},\"query-input\":\"required name=search_term_string\"}],\"inLanguage\":\"fr-FR\"}]}<\/script>\n<!-- \/ Yoast SEO plugin. -->","yoast_head_json":{"title":"Chercher un Emploi - Infiniti Legal Support Services","description":"Careers-Infiniti Legal Support Services is looking for professionals Case Managers, Process Servers and Research Specialists.","robots":{"index":"noindex","follow":"follow","max-snippet":"max-snippet:-1","max-image-preview":"max-image-preview:large","max-video-preview":"max-video-preview:-1"},"twitter_misc":{"Dur\u00e9e de lecture estim\u00e9e":"2 minutes"},"schema":{"@context":"https:\/\/schema.org","@graph":[{"@type":"WebPage","@id":"https:\/\/infinitilegal.com\/fr\/nous-connaitre\/chercher-un-emploi\/","url":"https:\/\/infinitilegal.com\/fr\/nous-connaitre\/chercher-un-emploi\/","name":"Chercher un Emploi - Infiniti Legal Support Services","isPartOf":{"@id":"https:\/\/infinitilegal.com\/fr\/#website"},"datePublished":"2011-07-26T15:20:55+00:00","dateModified":"2022-11-04T11:18:27+00:00","description":"Careers-Infiniti Legal Support Services is looking for professionals Case Managers, Process Servers and Research Specialists.","breadcrumb":{"@id":"https:\/\/infinitilegal.com\/fr\/nous-connaitre\/chercher-un-emploi\/#breadcrumb"},"inLanguage":"fr-FR","potentialAction":[{"@type":"ReadAction","target":["https:\/\/infinitilegal.com\/fr\/nous-connaitre\/chercher-un-emploi\/"]}]},{"@type":"BreadcrumbList","@id":"https:\/\/infinitilegal.com\/fr\/nous-connaitre\/chercher-un-emploi\/#breadcrumb","itemListElement":[{"@type":"ListItem","position":1,"name":"Home","item":"https:\/\/infinitilegal.com\/fr\/"},{"@type":"ListItem","position":2,"name":"Nous Conna\u00eetre","item":"https:\/\/infinitilegal.com\/fr\/nous-connaitre\/"},{"@type":"ListItem","position":3,"name":"Chercher un Emploi"}]},{"@type":"WebSite","@id":"https:\/\/infinitilegal.com\/fr\/#website","url":"https:\/\/infinitilegal.com\/fr\/","name":"Infiniti Legal Support Services","description":"Process Serving, Due Diligence, Authentication, Legalization, Court Filing, Litigation Search, Document Retrieval, Document Copying","potentialAction":[{"@type":"SearchAction","target":{"@type":"EntryPoint","urlTemplate":"https:\/\/infinitilegal.com\/fr\/?s={search_term_string}"},"query-input":"required name=search_term_string"}],"inLanguage":"fr-FR"}]}},"_links":{"self":[{"href":"https:\/\/infinitilegal.com\/fr\/wp-json\/wp\/v2\/pages\/1400"}],"collection":[{"href":"https:\/\/infinitilegal.com\/fr\/wp-json\/wp\/v2\/pages"}],"about":[{"href":"https:\/\/infinitilegal.com\/fr\/wp-json\/wp\/v2\/types\/page"}],"author":[{"embeddable":true,"href":"https:\/\/infinitilegal.com\/fr\/wp-json\/wp\/v2\/users\/1"}],"replies":[{"embeddable":true,"href":"https:\/\/infinitilegal.com\/fr\/wp-json\/wp\/v2\/comments?post=1400"}],"version-history":[{"count":0,"href":"https:\/\/infinitilegal.com\/fr\/wp-json\/wp\/v2\/pages\/1400\/revisions"}],"up":[{"embeddable":true,"href":"https:\/\/infinitilegal.com\/fr\/wp-json\/wp\/v2\/pages\/1396"}],"wp:featuredmedia":[{"embeddable":true,"href":"https:\/\/infinitilegal.com\/fr\/wp-json\/wp\/v2\/media\/1353"}],"wp:attachment":[{"href":"https:\/\/infinitilegal.com\/fr\/wp-json\/wp\/v2\/media?parent=1400"}],"curies":[{"name":"wp","href":"https:\/\/api.w.org\/{rel}","templated":true}]}}