{"id":1404,"date":"2011-05-24T18:24:57","date_gmt":"2011-05-24T18:24:57","guid":{"rendered":"https:\/\/staging.infinitilegal.ca\/nous-connaitre\/the-infiniti-choice\/"},"modified":"2022-11-04T11:23:02","modified_gmt":"2022-11-04T11:23:02","slug":"le-choix-infiniti","status":"publish","type":"page","link":"https:\/\/infinitilegal.com\/fr\/nous-connaitre\/le-choix-infiniti\/","title":{"rendered":"Le choix Infiniti"},"content":{"rendered":"<p>[et_pb_section fb_built=\u00a0\u00bb1&Prime; admin_label=\u00a0\u00bbsection\u00a0\u00bb _builder_version=\u00a0\u00bb4.19.0&Prime; custom_padding=\u00a0\u00bb0px||||false|false\u00a0\u00bb global_colors_info=\u00a0\u00bb{}\u00a0\u00bb][et_pb_row admin_label=\u00a0\u00bbrow\u00a0\u00bb _builder_version=\u00a0\u00bb4.16&Prime; background_size=\u00a0\u00bbinitial\u00a0\u00bb background_position=\u00a0\u00bbtop_left\u00a0\u00bb background_repeat=\u00a0\u00bbrepeat\u00a0\u00bb global_colors_info=\u00a0\u00bb{}\u00a0\u00bb][et_pb_column type=\u00a0\u00bb4_4&Prime; _builder_version=\u00a0\u00bb4.16&Prime; custom_padding=\u00a0\u00bb|||\u00a0\u00bb global_colors_info=\u00a0\u00bb{}\u00a0\u00bb custom_padding__hover=\u00a0\u00bb|||\u00a0\u00bb][et_pb_text admin_label=\u00a0\u00bbText\u00a0\u00bb _builder_version=\u00a0\u00bb4.19.0&Prime; background_size=\u00a0\u00bbinitial\u00a0\u00bb background_position=\u00a0\u00bbtop_left\u00a0\u00bb background_repeat=\u00a0\u00bbrepeat\u00a0\u00bb hover_enabled=\u00a0\u00bb0&Prime; global_colors_info=\u00a0\u00bb{}\u00a0\u00bb sticky_enabled=\u00a0\u00bb0&Prime;]<\/p>\n<h2>Infiniti a fait ses preuves global. Notre portefeuille de services de soutien juridique est adapt\u00e9 \u00e0 vos besoins par notre personnel effectif professionnel et bilingue, expert et soutenue par notre technologie, une meilleures pratiques et outils de communication.<\/h2>\n<p>Les clients choisissent invariablement Infiniti pour leurs besoins de services de soutien juridique, parce que nous offrons:<\/p>\n<ul>\n<li>services de soutien juridique \u00e9prouv\u00e9es et compl\u00e8ts, y compris:\n<ul>\n<li><a title=\"Significations\" href=\"http:\/\/infinitilegal.com\/fr\/services\/significations\/\">Significations et \u00e9mission et d\u00e9p\u00f4ts aux tribunaux<\/a><\/li>\n<li><a title=\"Recherche Documentaires et Recherche des Litiges\" href=\"http:\/\/infinitilegal.com\/fr\/services\/recherche-documentaires-et-recherche-des-litiges\/\">R\u00e9cup\u00e9ration de document, recherche de litige et diligence raisonnable<\/a><\/li>\n<li><a title=\"Authentification et L\u00e9galisation\" href=\"http:\/\/infinitilegal.com\/fr\/services\/authentification-et-legalisation\/\">Authentification et l\u00e9galisation de la documentation \u00e9trang\u00e8re<\/a><\/li>\n<\/ul>\n<\/li>\n<li>Plus de 30 ans d\u2019exp\u00e9rience \u2013 Notre vaste r\u00e9seau d\u2019agents de confiance, mis au point pendant plus de 30 ans dans l\u2019entreprise, assure des services fiables, efficaces, et ime prestation de services d\u2019experts.<\/li>\n<li>Attention aux d\u00e9tails \u2013 Nous g\u00e9rons les services d\u00e9taill\u00e9s de soutien juridique, vous offrant la tranquillit\u00e9 d\u2019esprit et plus de temps pour vous concentrer sur votre c\u0153ur de m\u00e9tier.<\/li>\n<li>Effectif enti\u00e8rement bilingue (anglais et fran\u00e7ais) disponible pour ex\u00e9cuter tous vos besions de services de soutien juridique.<\/li>\n<li>Bureau professionnel \/ Services sur mesure \u2013 Infiniti offre un effectif, accessible, derni\u00e8res technologies et outils de communication ainsi que des services adapt\u00e9s \u00e0 vos besoins d\u2019affaires uniques.\n<ul>\n<li>Les appels t\u00e9l\u00e9phoniques au bureau sont toujours r\u00e9pondus par une voix amicale pendant les heures normales de bureau (HNE); contre pick-up service automatis\u00e9.<\/li>\n<li>Multiples \u00e0 temps plein, les employ\u00e9s experts dans le bureau et sur appel pour r\u00e9pondre aux besoins quotidiens des entreprises<\/li>\n<li>Num\u00e9ro sans pratique libre<\/li>\n<li>Etat de l\u2019infrastructure \u00e0 la fine pointe<\/li>\n<li>Propri\u00e9taire Case Management System (CMS) \u2013 Une base de donn\u00e9es qui g\u00e8re, s\u00e9curise les informations et pistes de cas<\/li>\n<li>Processus d\u2019assurance qualit\u00e9 et des proc\u00e9dures<\/li>\n<li>Assurance \u2013 erreurs et omissions pour la paix d\u2019esprit<\/li>\n<li>Communications personnalises, ceuillette et livraison (en personne, \u00e9lectronique, etc)<\/li>\n<\/ul>\n<\/li>\n<li>Affiliations professionnelles avec des Associations pour nous assurer de rester en premier rang, l\u2019\u00e9volution des besoins de l\u2019industrie et des techniques et de continuer \u00e0 d\u00e9velopper notre r\u00e9seau d\u2019experts de confiance.<\/li>\n<li>Port\u00e9e de services fiables, locals, nationals, l\u2019Am\u00e9rique du nord en large et international.<\/li>\n<\/ul>\n<p>[\/et_pb_text][\/et_pb_column][\/et_pb_row][\/et_pb_section]<\/p>\n","protected":false},"excerpt":{"rendered":"<p>Infiniti a fait ses preuves global. Notre portefeuille de services de soutien juridique est adapt\u00e9 \u00e0 vos besoins par notre personnel effectif professionnel et bilingue, expert et soutenue par notre technologie, une meilleures pratiques et outils de communication. Les clients choisissent invariablement Infiniti pour leurs besoins de services de soutien juridique, parce que nous offrons: [&hellip;]<\/p>\n","protected":false},"author":1,"featured_media":1353,"parent":1396,"menu_order":0,"comment_status":"closed","ping_status":"closed","template":"","meta":{"_et_pb_use_builder":"on","_et_pb_old_content":"<img class=\"alignnone wp-image-422 size-full\" title=\"choice-stock\" src=\"https:\/\/infinitilegal.com\/wp-content\/uploads\/2011\/05\/choice-stock.jpg\" alt=\"The Infiniti Choice: NUANS Searches and Registrations, Provincial and Federal Incorporations, Obtaining Corporate documents including Corporate Profiles, Certificates of Status, Point in Time Reports, and Chartered Corporation Documents, Bankruptcy Searches, Bank Act Searches, PPSA registration, renewals, discharges, and searches, Ordering of Corporate Supplies such as Minute Books, Corporate Stamps, etc., and Various Corporate Government Filings\" width=\"475\" height=\"140\" \/>\r\n<h2>Infiniti\u2019s proven global, comprehensive legal support services portfolio is tailored to your needs by our expert bilingual staff and backed by our best practice technology and communications tools.<\/h2>\r\nClients consistently choose Infiniti for their legal support services needs, because we deliver:\r\n<ul>\r\n\t<li>Proven, Comprehensive Legal Support Services including:\r\n<ul>\r\n\t<li><a title=\"Process Serving\" href=\"https:\/\/infinitilegal.com\/services\/process-serving\/\">Process serving and courthouse issuing and filing<\/a><\/li>\r\n\t<li><a title=\"Document Retrieval and Litigation Search\" href=\"https:\/\/infinitilegal.com\/services\/document-retrieval-and-litigation-search\/\">Document retrieval, litigation search and due diligence<\/a><\/li>\r\n\t<li><a title=\"Authentication and Legalization\" href=\"https:\/\/infinitilegal.com\/services\/authentication-and-legalization\/\">Authentication and legalization of foreign papers<\/a><\/li>\r\n<\/ul>\r\n<\/li>\r\n\t<li>30 Years Plus Experience \u2013 Our extensive, trusted agent network, developed during more than 30 years in the business, ensures reliable, effective, expert service delivery.<\/li>\r\n\t<li>Attention to Detail \u2013 We manage the legal support services details, providing you with the peace of mind and more time to focus on your core competencies.<\/li>\r\n\t<li>Fully Bilingual Staff (English and French) available to fulfill all your legal support services needs.<\/li>\r\n\t<li>Professional Office\/Tailored Services \u2013 Infiniti provides expert, accessible staff, the latest technology and communication tools, and services tailored to your unique business needs.\r\n<ul>\r\n\t<li>Phone calls to the office are virtually always answered by a live friendly voice during regular business hours (EST); versus automated service pickup.<\/li>\r\n\t<li>Multiple full-time, expert employees in the office and on call to address your daily business needs<\/li>\r\n\t<li>Convenient toll free number<\/li>\r\n\t<li>State-of-the-art infrastructure<\/li>\r\n\t<li>Proprietary Case Management System (CMS) \u2013 a searchable database which manages, tracks and secures case information<\/li>\r\n\t<li>Quality assurance processes and procedures<\/li>\r\n\t<li>Full Errors and Omissions Insurance for added peace of mind<\/li>\r\n\t<li>Customizable communications, pickup and delivery (in-person, electronic, etc.)<\/li>\r\n<\/ul>\r\n<\/li>\r\n\t<li>Professional Association Memberships to ensure we stay on top of changing industry requirements and techniques and continue to grow our trusted expert network.<\/li>\r\n\t<li>Global Service Delivery Scope \u2013 Dependable local, North America wide and international services.<\/li>\r\n<\/ul>\r\nWhether you need service in Ottawa, across Ontario, Canada-wide, in the US or internationally, the Infiniti team is ready to help you with your legal support services requirements.","_et_gb_content_width":""},"yoast_head":"<!-- This site is optimized with the Yoast SEO plugin v20.9 - https:\/\/yoast.com\/wordpress\/plugins\/seo\/ -->\n<title>The Infiniti Choice- Infiniti Legal Support Services<\/title>\n<meta name=\"description\" content=\"Process serving and courthouse issuing and filing, Document retrieval, litigation search and due diligence,Authentication and legalization of foreign papers\" \/>\n<meta name=\"robots\" content=\"noindex, follow, max-snippet:-1, max-image-preview:large, max-video-preview:-1\" \/>\n<meta name=\"twitter:label1\" content=\"Dur\u00e9e de lecture estim\u00e9e\" \/>\n\t<meta name=\"twitter:data1\" content=\"2 minutes\" \/>\n<script type=\"application\/ld+json\" class=\"yoast-schema-graph\">{\"@context\":\"https:\/\/schema.org\",\"@graph\":[{\"@type\":\"WebPage\",\"@id\":\"https:\/\/infinitilegal.com\/fr\/nous-connaitre\/le-choix-infiniti\/\",\"url\":\"https:\/\/infinitilegal.com\/fr\/nous-connaitre\/le-choix-infiniti\/\",\"name\":\"The Infiniti Choice- Infiniti Legal Support Services\",\"isPartOf\":{\"@id\":\"https:\/\/infinitilegal.com\/fr\/#website\"},\"datePublished\":\"2011-05-24T18:24:57+00:00\",\"dateModified\":\"2022-11-04T11:23:02+00:00\",\"description\":\"Process serving and courthouse issuing and filing, Document retrieval, litigation search and due diligence,Authentication and legalization of foreign papers\",\"breadcrumb\":{\"@id\":\"https:\/\/infinitilegal.com\/fr\/nous-connaitre\/le-choix-infiniti\/#breadcrumb\"},\"inLanguage\":\"fr-FR\",\"potentialAction\":[{\"@type\":\"ReadAction\",\"target\":[\"https:\/\/infinitilegal.com\/fr\/nous-connaitre\/le-choix-infiniti\/\"]}]},{\"@type\":\"BreadcrumbList\",\"@id\":\"https:\/\/infinitilegal.com\/fr\/nous-connaitre\/le-choix-infiniti\/#breadcrumb\",\"itemListElement\":[{\"@type\":\"ListItem\",\"position\":1,\"name\":\"Home\",\"item\":\"https:\/\/infinitilegal.com\/fr\/\"},{\"@type\":\"ListItem\",\"position\":2,\"name\":\"Nous Conna\u00eetre\",\"item\":\"https:\/\/infinitilegal.com\/fr\/nous-connaitre\/\"},{\"@type\":\"ListItem\",\"position\":3,\"name\":\"Le choix Infiniti\"}]},{\"@type\":\"WebSite\",\"@id\":\"https:\/\/infinitilegal.com\/fr\/#website\",\"url\":\"https:\/\/infinitilegal.com\/fr\/\",\"name\":\"Infiniti Legal Support Services\",\"description\":\"Process Serving, Due Diligence, Authentication, Legalization, Court Filing, Litigation Search, Document Retrieval, Document Copying\",\"potentialAction\":[{\"@type\":\"SearchAction\",\"target\":{\"@type\":\"EntryPoint\",\"urlTemplate\":\"https:\/\/infinitilegal.com\/fr\/?s={search_term_string}\"},\"query-input\":\"required name=search_term_string\"}],\"inLanguage\":\"fr-FR\"}]}<\/script>\n<!-- \/ Yoast SEO plugin. -->","yoast_head_json":{"title":"The Infiniti Choice- Infiniti Legal Support Services","description":"Process serving and courthouse issuing and filing, Document retrieval, litigation search and due diligence,Authentication and legalization of foreign papers","robots":{"index":"noindex","follow":"follow","max-snippet":"max-snippet:-1","max-image-preview":"max-image-preview:large","max-video-preview":"max-video-preview:-1"},"twitter_misc":{"Dur\u00e9e de lecture estim\u00e9e":"2 minutes"},"schema":{"@context":"https:\/\/schema.org","@graph":[{"@type":"WebPage","@id":"https:\/\/infinitilegal.com\/fr\/nous-connaitre\/le-choix-infiniti\/","url":"https:\/\/infinitilegal.com\/fr\/nous-connaitre\/le-choix-infiniti\/","name":"The Infiniti Choice- Infiniti Legal Support Services","isPartOf":{"@id":"https:\/\/infinitilegal.com\/fr\/#website"},"datePublished":"2011-05-24T18:24:57+00:00","dateModified":"2022-11-04T11:23:02+00:00","description":"Process serving and courthouse issuing and filing, Document retrieval, litigation search and due diligence,Authentication and legalization of foreign papers","breadcrumb":{"@id":"https:\/\/infinitilegal.com\/fr\/nous-connaitre\/le-choix-infiniti\/#breadcrumb"},"inLanguage":"fr-FR","potentialAction":[{"@type":"ReadAction","target":["https:\/\/infinitilegal.com\/fr\/nous-connaitre\/le-choix-infiniti\/"]}]},{"@type":"BreadcrumbList","@id":"https:\/\/infinitilegal.com\/fr\/nous-connaitre\/le-choix-infiniti\/#breadcrumb","itemListElement":[{"@type":"ListItem","position":1,"name":"Home","item":"https:\/\/infinitilegal.com\/fr\/"},{"@type":"ListItem","position":2,"name":"Nous Conna\u00eetre","item":"https:\/\/infinitilegal.com\/fr\/nous-connaitre\/"},{"@type":"ListItem","position":3,"name":"Le choix Infiniti"}]},{"@type":"WebSite","@id":"https:\/\/infinitilegal.com\/fr\/#website","url":"https:\/\/infinitilegal.com\/fr\/","name":"Infiniti Legal Support Services","description":"Process Serving, Due Diligence, Authentication, Legalization, Court Filing, Litigation Search, Document Retrieval, Document Copying","potentialAction":[{"@type":"SearchAction","target":{"@type":"EntryPoint","urlTemplate":"https:\/\/infinitilegal.com\/fr\/?s={search_term_string}"},"query-input":"required name=search_term_string"}],"inLanguage":"fr-FR"}]}},"_links":{"self":[{"href":"https:\/\/infinitilegal.com\/fr\/wp-json\/wp\/v2\/pages\/1404"}],"collection":[{"href":"https:\/\/infinitilegal.com\/fr\/wp-json\/wp\/v2\/pages"}],"about":[{"href":"https:\/\/infinitilegal.com\/fr\/wp-json\/wp\/v2\/types\/page"}],"author":[{"embeddable":true,"href":"https:\/\/infinitilegal.com\/fr\/wp-json\/wp\/v2\/users\/1"}],"replies":[{"embeddable":true,"href":"https:\/\/infinitilegal.com\/fr\/wp-json\/wp\/v2\/comments?post=1404"}],"version-history":[{"count":0,"href":"https:\/\/infinitilegal.com\/fr\/wp-json\/wp\/v2\/pages\/1404\/revisions"}],"up":[{"embeddable":true,"href":"https:\/\/infinitilegal.com\/fr\/wp-json\/wp\/v2\/pages\/1396"}],"wp:featuredmedia":[{"embeddable":true,"href":"https:\/\/infinitilegal.com\/fr\/wp-json\/wp\/v2\/media\/1353"}],"wp:attachment":[{"href":"https:\/\/infinitilegal.com\/fr\/wp-json\/wp\/v2\/media?parent=1404"}],"curies":[{"name":"wp","href":"https:\/\/api.w.org\/{rel}","templated":true}]}}