{"id":1411,"date":"2011-05-20T16:46:46","date_gmt":"2011-05-20T16:46:46","guid":{"rendered":"https:\/\/staging.infinitilegal.ca\/nous-connaitre\/lequipe-infiniti\/"},"modified":"2022-11-04T11:33:40","modified_gmt":"2022-11-04T11:33:40","slug":"lequipe-infiniti","status":"publish","type":"page","link":"https:\/\/infinitilegal.com\/fr\/nous-connaitre\/lequipe-infiniti\/","title":{"rendered":"L\u2019\u00e9quipe d\u2019Infiniti"},"content":{"rendered":"<p>[et_pb_section fb_built=\u00a0\u00bb1&Prime; admin_label=\u00a0\u00bbsection\u00a0\u00bb _builder_version=\u00a0\u00bb4.19.0&Prime; custom_padding=\u00a0\u00bb0px||||false|false\u00a0\u00bb global_colors_info=\u00a0\u00bb{}\u00a0\u00bb][et_pb_row admin_label=\u00a0\u00bbrow\u00a0\u00bb _builder_version=\u00a0\u00bb4.16&Prime; background_size=\u00a0\u00bbinitial\u00a0\u00bb background_position=\u00a0\u00bbtop_left\u00a0\u00bb background_repeat=\u00a0\u00bbrepeat\u00a0\u00bb global_colors_info=\u00a0\u00bb{}\u00a0\u00bb][et_pb_column type=\u00a0\u00bb4_4&Prime; _builder_version=\u00a0\u00bb4.16&Prime; custom_padding=\u00a0\u00bb|||\u00a0\u00bb global_colors_info=\u00a0\u00bb{}\u00a0\u00bb custom_padding__hover=\u00a0\u00bb|||\u00a0\u00bb][et_pb_text admin_label=\u00a0\u00bbText\u00a0\u00bb _builder_version=\u00a0\u00bb4.19.0&Prime; background_size=\u00a0\u00bbinitial\u00a0\u00bb background_position=\u00a0\u00bbtop_left\u00a0\u00bb background_repeat=\u00a0\u00bbrepeat\u00a0\u00bb hover_enabled=\u00a0\u00bb0&Prime; global_colors_info=\u00a0\u00bb{}\u00a0\u00bb sticky_enabled=\u00a0\u00bb0&Prime;]<\/p>\n<h2>L\u2019\u00e9quipe d\u2019Infiniti Legal Support Services exploite ses op\u00e9rations depuis plus de 30 ann\u00e9es, en offrant une gamme compl\u00e8te de services de soutien juridiques de fa\u00e7on professionnelle, fiable et accessible pour notre client\u00e8le de base : les cabinets d\u2019avocats et d\u2019avou\u00e9s, les banques, les soci\u00e9t\u00e9s de fiducie, les organismes gouvernementaux, les soci\u00e9t\u00e9s d\u2019\u00c9tat, et les entreprises du secteur priv\u00e9.<\/h2>\n<p>Avec ses connaissances et son exp\u00e9rience de la mati\u00e8re sans pareil, Infiniti peut rapidement d\u00e9terminer les besoins du client et livrer les r\u00e9sultats n\u00e9cessaires de qualit\u00e9 en temps opportun.<\/p>\n<p>Bas\u00e9 \u00e0 Ottawa, Ontario, Canada, notre personnel comp\u00e9tent et exp\u00e9riment\u00e9 comprend:<\/p>\n<h2>Le pr\u00e9sident et propri\u00e9taire<\/h2>\n<p><strong>Gianni Donatucci<\/strong><br \/><a href=\"mailto:gianni.do%6Eat%75cci%40%69n%66init%69l%65g%61l.com\">gianni.donatucci@infinitilegal.com<\/a><br \/>Gianni Donatucci est un chef d\u2019entreprise chevronn\u00e9 renomm\u00e9 pour sa forte attention \u00e0 la client\u00e8le, son orientation aux services de qualit\u00e9, son \u00e9thique de travail exceptionnel, et son soutien pour les meilleurs talents. Gianni dirige l\u2019\u00e9quipe d\u2019Infiniti en pr\u00eachant par l\u2019exemple, en cr\u00e9ant un environnement professionnel o\u00f9 une livraison personnalis\u00e9e et exceptionnelle sont la norme.<\/p>\n<h2>Gestionnaires de cas et sp\u00e9cialistes de recherche<\/h2>\n<p><strong>Ginette Bouchard<\/strong><br \/><a href=\"mailto:%67%69nette%2Ebouch%61%72d%40in%66i%6Eiti%6Ce%67al.c%6Fm\">ginette.bouchard@infinitilegal.com<\/a><br \/>Ginette Bouchard poss\u00e8de plus de 22 ann\u00e9es dans l\u2019industrie de services de soutien juridiques ce qui lui donne une riche exp\u00e9rience professionnelle et des connaissances sp\u00e9cialis\u00e9es sans pareil. Cette expertise b\u00e9n\u00e9ficie grandement Infiniti et nos inestimables clients, permettant ainsi de livrer des services de soutien juridiques rapides et personnalis\u00e9s pour r\u00e9pondre aux besoins uniques de chaque client.<\/p>\n<p><strong>Terry Carlson<\/strong><br \/><a href=\"mailto:te%72%72%79.%63ar%6Cs%6Fn%40inf%69nit%69lega%6C.com\">terry.carlson@infinitilegal.com<\/a><br \/>Terry Carlson est le sp\u00e9cialiste des tribunaux chez Infiniti et la principale personne contact de nos clients situ\u00e9s \u00e0 Ottawa. Quoiqu\u2019il soit g\u00e9n\u00e9ralement en transit \u00e0 g\u00e9rer lui-m\u00eame les priorit\u00e9s du client, Terry voit \u00e0 la supervision des autres agents et partenaires qui sont sur la route \u00e0 traiter les cas de services de soutien juridiques.<\/p>\n<p><strong>Erika Croft-Kelso<br \/><\/strong><a href=\"mailto:erika.croft-kelso@infinitilegal.com\">erika.croft-kelso@infinitilegal.com<\/a><br \/>Erika Croft-Kelsovoit \u00e0 la coordination des cas d\u2019Infiniti, \u00e0 la gestion et \u00e0 la recherche des dossiers et des soumissions afin de s\u2019assurer que le tout soit pr\u00e9cis et en ordre parfait pour terminer un service rapide. De plus, Erika guide avec expertise les clients au cours des particularit\u00e9s de leurs demandes afin de d\u00e9terminer les meilleures solutions et de leur \u00e9pargner temps et argent.<\/p>\n<p><strong>Anne Fardais<\/strong><br \/><a href=\"mailto:anne.f%61rdai%73%40inf%69nitil%65gal%2Ecom%20%20\">anne.fardais@infinitilegal.com<\/a><br \/>Anne Fardais se d\u00e9voue \u00e0 utiliser ses comp\u00e9tences en recherches avanc\u00e9es pour rep\u00e9rer rapidement les faits pertinents. Anne d\u00e9pense son temps \u00e0 s\u2019assurer que les besoins du client d\u2019Infiniti et du partenaire soient bien compris et trait\u00e9es par des solutions significatives et efficaces.<\/p>\n<p>Cette \u00e9quipe permanente situ\u00e9e \u00e0 Ottawa voit \u00e0 la gestion du personnel d\u2019experts chez Infiniti, ainsi que notre r\u00e9seau mondial d\u2019agents et de partenaires de confiance. En combinaison avec nos capacit\u00e9s bilingue (anglais et fran\u00e7ais) et des installations professionnelles de bureau, cette excellente \u00e9quipe et cette infrastructure permet \u00e0 Infiniti d\u2019offrir une qualit\u00e9 de services \u00e9prouv\u00e9s \u00e0 l\u2019\u00e9chelle mondiale.<\/p>\n<p>[\/et_pb_text][\/et_pb_column][\/et_pb_row][\/et_pb_section]<\/p>\n","protected":false},"excerpt":{"rendered":"<p>L\u2019\u00e9quipe d\u2019Infiniti Legal Support Services exploite ses op\u00e9rations depuis plus de 30 ann\u00e9es, en offrant une gamme compl\u00e8te de services de soutien juridiques de fa\u00e7on professionnelle, fiable et accessible pour notre client\u00e8le de base : les cabinets d\u2019avocats et d\u2019avou\u00e9s, les banques, les soci\u00e9t\u00e9s de fiducie, les organismes gouvernementaux, les soci\u00e9t\u00e9s d\u2019\u00c9tat, et les entreprises [&hellip;]<\/p>\n","protected":false},"author":1,"featured_media":1353,"parent":1396,"menu_order":0,"comment_status":"closed","ping_status":"closed","template":"","meta":{"_et_pb_use_builder":"on","_et_pb_old_content":"<img class=\"alignnone wp-image-342 size-full\" title=\"about-stock2\" src=\"https:\/\/infinitilegal.com\/wp-content\/uploads\/2011\/05\/about-stock2.jpg\" alt=\"Infiniti Team: NUANS Searches and Registrations, Provincial and Federal Incorporations, Obtaining Corporate documents including Corporate Profiles, Certificates of Status, Point in Time Reports, and Chartered Corporation Documents, Bankruptcy Searches, Bank Act Searches, PPSA registration, renewals, discharges, and searches, Ordering of Corporate Supplies such as Minute Books, Corporate Stamps, etc., and Various Corporate Government Filings\" width=\"475\" height=\"140\" \/>\r\n<h2>Infiniti Legal Support Services team has been in operation for more than 30 years, providing a full range of professional, reliable and accessible legal support services to our client base of law firms and solicitors, banks, trust companies, government agencies, crown corporations, and private sector businesses.<\/h2>\r\nWith knowledge and experience on the subject matter second to none, Infiniti can quickly ascertain client requirements and deliver quality required results in a timely manner.\r\n\r\nHeadquartered in Ottawa, Ontario, Canada, our knowledgeable, experienced staff includes:\r\n<h2>President and Owner<\/h2>\r\n<table style=\"margin-top: 20px; margin-bottom: 20px;\">\r\n<tbody>\r\n<tr>\r\n<td style=\"vertical-align: top;\"><strong>Gianni Donatucci<\/strong>\r\n<a href=\"mailto:gianni.donatucci@infinitilegal.com\">gianni.donatucci@infinitilegal.com <\/a>\r\nGianni Donatucci is a seasoned business leader known for his strong customer focus, quality service orientation, exceptional work ethic and support for top talent. Gianni leads the Infiniti team by example, creating a professional environment where tailored, timely, exceptional service delivery is the norm.<\/td>\r\n<\/tr>\r\n<\/tbody>\r\n<\/table>\r\n<h2>Case Managers and Research Specialists<\/h2>\r\n<table style=\"margin-top: 20px; margin-bottom: 20px;\">\r\n<tbody>\r\n<tr>\r\n<td style=\"vertical-align: top;\"><strong>Ginette Bouchard <\/strong>\r\n<a href=\"mailto:ginette.bouchard@infinitilegal.com \">ginette.bouchard@infinitilegal.com <\/a>\r\nGinette Bouchard\u2019s 22 plus years in the legal support services industry provides her an unparalleled wealth of professional experience and specialized knowledge. This expertise is of great benefit to Infiniti and our valued clients, ensuring quick, tailored legal support services to address each client\u2019s unique requirements.<\/td>\r\n<\/tr>\r\n<\/tbody>\r\n<\/table>\r\n<table style=\"margin-top: 20px; margin-bottom: 20px;\">\r\n<tbody>\r\n<tr>\r\n<td style=\"vertical-align: top;\"><strong>Terry Carlson <\/strong>\r\n<a href=\"mailto:terry.carlson@infinitilegal.com\">terry.carlson@infinitilegal.com<\/a>\r\nTerry Carlson is the Infiniti court specialist and the primary face-to-face with our Ottawa-based customers. While generally in transit handling client priorities himself, Terry also oversees other agent and partners who are on the road handling legal support services cases.<\/td>\r\n<\/tr>\r\n<\/tbody>\r\n<\/table>\r\n<table style=\"margin-top: 20px; margin-bottom: 20px;\">\r\n<tbody>\r\n<tr>\r\n<td style=\"vertical-align: top;\"><strong>Erika Croft-Kelso\r\n<\/strong><a href=\"mailto:erika.croft-kelso@infinitilegal.com\">erika.croft-kelso@infinitilegal.com<\/a>\r\nErika Croft-Kelso coordinates Infiniti cases, managing and researching files and submissions to ensure everything is accurate and in perfect order for quick service completion. Erika also expertly guides clients through the particulars of their requests to determine the best solutions and save them time and money.<\/td>\r\n<\/tr>\r\n<\/tbody>\r\n<\/table>\r\n<table style=\"margin-top: 20px; margin-bottom: 20px;\">\r\n<tbody>\r\n<tr>\r\n<td style=\"vertical-align: top;\"><strong>Anne Fardais<\/strong>\r\n<a href=\"mailto:anne.fardais@infinitilegal.com\">anne.fardais@infinitilegal.com<\/a>\r\nAnne Fardais is dedicated to using her advance research skills to find the pertinent facts and fast. Anne spends her time ensuring Infiniti client and partner needs are well understood and catered to with meaningful, effective solutions.<\/td>\r\n<\/tr>\r\n<\/tbody>\r\n<\/table>\r\nThis core Ottawa-based team manages Infiniti\u2019s expert staff, and our trusted agents and global partner network. Combined with our bilingual capabilities (English and French) and professional office setting, this great team and supporting infrastructure enables Infiniti to provide quality, proven service worldwide.","_et_gb_content_width":""},"yoast_head":"<!-- This site is optimized with the Yoast SEO plugin v20.9 - https:\/\/yoast.com\/wordpress\/plugins\/seo\/ -->\n<title>L\u2019\u00e9quipe d\u2019Infiniti - Infiniti Legal Support Services<\/title>\n<meta name=\"description\" content=\"The Infiniti Team: Headquartered in Ontario, Canada, our knowledgeable, experienced staff includes professionals Case Managers and Reasearch Specialists\" \/>\n<meta name=\"robots\" content=\"noindex, follow, max-snippet:-1, max-image-preview:large, max-video-preview:-1\" \/>\n<meta name=\"twitter:label1\" content=\"Dur\u00e9e de lecture estim\u00e9e\" \/>\n\t<meta name=\"twitter:data1\" content=\"2 minutes\" \/>\n<script type=\"application\/ld+json\" class=\"yoast-schema-graph\">{\"@context\":\"https:\/\/schema.org\",\"@graph\":[{\"@type\":\"WebPage\",\"@id\":\"https:\/\/infinitilegal.com\/fr\/nous-connaitre\/lequipe-infiniti\/\",\"url\":\"https:\/\/infinitilegal.com\/fr\/nous-connaitre\/lequipe-infiniti\/\",\"name\":\"L\u2019\u00e9quipe d\u2019Infiniti - Infiniti Legal Support Services\",\"isPartOf\":{\"@id\":\"https:\/\/infinitilegal.com\/fr\/#website\"},\"datePublished\":\"2011-05-20T16:46:46+00:00\",\"dateModified\":\"2022-11-04T11:33:40+00:00\",\"description\":\"The Infiniti Team: Headquartered in Ontario, Canada, our knowledgeable, experienced staff includes professionals Case Managers and Reasearch Specialists\",\"breadcrumb\":{\"@id\":\"https:\/\/infinitilegal.com\/fr\/nous-connaitre\/lequipe-infiniti\/#breadcrumb\"},\"inLanguage\":\"fr-FR\",\"potentialAction\":[{\"@type\":\"ReadAction\",\"target\":[\"https:\/\/infinitilegal.com\/fr\/nous-connaitre\/lequipe-infiniti\/\"]}]},{\"@type\":\"BreadcrumbList\",\"@id\":\"https:\/\/infinitilegal.com\/fr\/nous-connaitre\/lequipe-infiniti\/#breadcrumb\",\"itemListElement\":[{\"@type\":\"ListItem\",\"position\":1,\"name\":\"Home\",\"item\":\"https:\/\/infinitilegal.com\/fr\/\"},{\"@type\":\"ListItem\",\"position\":2,\"name\":\"Nous Conna\u00eetre\",\"item\":\"https:\/\/infinitilegal.com\/fr\/nous-connaitre\/\"},{\"@type\":\"ListItem\",\"position\":3,\"name\":\"L\u2019\u00e9quipe d\u2019Infiniti\"}]},{\"@type\":\"WebSite\",\"@id\":\"https:\/\/infinitilegal.com\/fr\/#website\",\"url\":\"https:\/\/infinitilegal.com\/fr\/\",\"name\":\"Infiniti Legal Support Services\",\"description\":\"Process Serving, Due Diligence, Authentication, Legalization, Court Filing, Litigation Search, Document Retrieval, Document Copying\",\"potentialAction\":[{\"@type\":\"SearchAction\",\"target\":{\"@type\":\"EntryPoint\",\"urlTemplate\":\"https:\/\/infinitilegal.com\/fr\/?s={search_term_string}\"},\"query-input\":\"required name=search_term_string\"}],\"inLanguage\":\"fr-FR\"}]}<\/script>\n<!-- \/ Yoast SEO plugin. -->","yoast_head_json":{"title":"L\u2019\u00e9quipe d\u2019Infiniti - Infiniti Legal Support Services","description":"The Infiniti Team: Headquartered in Ontario, Canada, our knowledgeable, experienced staff includes professionals Case Managers and Reasearch Specialists","robots":{"index":"noindex","follow":"follow","max-snippet":"max-snippet:-1","max-image-preview":"max-image-preview:large","max-video-preview":"max-video-preview:-1"},"twitter_misc":{"Dur\u00e9e de lecture estim\u00e9e":"2 minutes"},"schema":{"@context":"https:\/\/schema.org","@graph":[{"@type":"WebPage","@id":"https:\/\/infinitilegal.com\/fr\/nous-connaitre\/lequipe-infiniti\/","url":"https:\/\/infinitilegal.com\/fr\/nous-connaitre\/lequipe-infiniti\/","name":"L\u2019\u00e9quipe d\u2019Infiniti - Infiniti Legal Support Services","isPartOf":{"@id":"https:\/\/infinitilegal.com\/fr\/#website"},"datePublished":"2011-05-20T16:46:46+00:00","dateModified":"2022-11-04T11:33:40+00:00","description":"The Infiniti Team: Headquartered in Ontario, Canada, our knowledgeable, experienced staff includes professionals Case Managers and Reasearch Specialists","breadcrumb":{"@id":"https:\/\/infinitilegal.com\/fr\/nous-connaitre\/lequipe-infiniti\/#breadcrumb"},"inLanguage":"fr-FR","potentialAction":[{"@type":"ReadAction","target":["https:\/\/infinitilegal.com\/fr\/nous-connaitre\/lequipe-infiniti\/"]}]},{"@type":"BreadcrumbList","@id":"https:\/\/infinitilegal.com\/fr\/nous-connaitre\/lequipe-infiniti\/#breadcrumb","itemListElement":[{"@type":"ListItem","position":1,"name":"Home","item":"https:\/\/infinitilegal.com\/fr\/"},{"@type":"ListItem","position":2,"name":"Nous Conna\u00eetre","item":"https:\/\/infinitilegal.com\/fr\/nous-connaitre\/"},{"@type":"ListItem","position":3,"name":"L\u2019\u00e9quipe d\u2019Infiniti"}]},{"@type":"WebSite","@id":"https:\/\/infinitilegal.com\/fr\/#website","url":"https:\/\/infinitilegal.com\/fr\/","name":"Infiniti Legal Support Services","description":"Process Serving, Due Diligence, Authentication, Legalization, Court Filing, Litigation Search, Document Retrieval, Document Copying","potentialAction":[{"@type":"SearchAction","target":{"@type":"EntryPoint","urlTemplate":"https:\/\/infinitilegal.com\/fr\/?s={search_term_string}"},"query-input":"required name=search_term_string"}],"inLanguage":"fr-FR"}]}},"_links":{"self":[{"href":"https:\/\/infinitilegal.com\/fr\/wp-json\/wp\/v2\/pages\/1411"}],"collection":[{"href":"https:\/\/infinitilegal.com\/fr\/wp-json\/wp\/v2\/pages"}],"about":[{"href":"https:\/\/infinitilegal.com\/fr\/wp-json\/wp\/v2\/types\/page"}],"author":[{"embeddable":true,"href":"https:\/\/infinitilegal.com\/fr\/wp-json\/wp\/v2\/users\/1"}],"replies":[{"embeddable":true,"href":"https:\/\/infinitilegal.com\/fr\/wp-json\/wp\/v2\/comments?post=1411"}],"version-history":[{"count":0,"href":"https:\/\/infinitilegal.com\/fr\/wp-json\/wp\/v2\/pages\/1411\/revisions"}],"up":[{"embeddable":true,"href":"https:\/\/infinitilegal.com\/fr\/wp-json\/wp\/v2\/pages\/1396"}],"wp:featuredmedia":[{"embeddable":true,"href":"https:\/\/infinitilegal.com\/fr\/wp-json\/wp\/v2\/media\/1353"}],"wp:attachment":[{"href":"https:\/\/infinitilegal.com\/fr\/wp-json\/wp\/v2\/media?parent=1411"}],"curies":[{"name":"wp","href":"https:\/\/api.w.org\/{rel}","templated":true}]}}