{"id":1427,"date":"2011-05-13T18:19:32","date_gmt":"2011-05-13T18:19:32","guid":{"rendered":"https:\/\/staging.infinitilegal.ca\/services\/"},"modified":"2022-11-04T11:35:39","modified_gmt":"2022-11-04T11:35:39","slug":"services","status":"publish","type":"page","link":"https:\/\/infinitilegal.com\/fr\/services\/","title":{"rendered":"Les Services"},"content":{"rendered":"<p>[et_pb_section fb_built=\u00a0\u00bb1&Prime; admin_label=\u00a0\u00bbsection\u00a0\u00bb _builder_version=\u00a0\u00bb4.18.1&Prime; custom_padding=\u00a0\u00bb0px||||false|false\u00a0\u00bb global_colors_info=\u00a0\u00bb{}\u00a0\u00bb][et_pb_row admin_label=\u00a0\u00bbrow\u00a0\u00bb _builder_version=\u00a0\u00bb4.16&Prime; background_size=\u00a0\u00bbinitial\u00a0\u00bb background_position=\u00a0\u00bbtop_left\u00a0\u00bb background_repeat=\u00a0\u00bbrepeat\u00a0\u00bb global_colors_info=\u00a0\u00bb{}\u00a0\u00bb][et_pb_column type=\u00a0\u00bb4_4&Prime; _builder_version=\u00a0\u00bb4.16&Prime; custom_padding=\u00a0\u00bb|||\u00a0\u00bb global_colors_info=\u00a0\u00bb{}\u00a0\u00bb custom_padding__hover=\u00a0\u00bb|||\u00a0\u00bb][et_pb_text admin_label=\u00a0\u00bbText\u00a0\u00bb _builder_version=\u00a0\u00bb4.19.0&Prime; background_size=\u00a0\u00bbinitial\u00a0\u00bb background_position=\u00a0\u00bbtop_left\u00a0\u00bb background_repeat=\u00a0\u00bbrepeat\u00a0\u00bb hover_enabled=\u00a0\u00bb0&Prime; global_colors_info=\u00a0\u00bb{}\u00a0\u00bb sticky_enabled=\u00a0\u00bb0&Prime;]<\/p>\n<h2>Infiniti \u2014 un partenaire reconnu mondialement pour ses services par les cabinets d\u2019avocats, les avou\u00e9s, les banques, les soci\u00e9t\u00e9s de fiducies, les organismes gouvernementaux, les soci\u00e9t\u00e9s d\u2019\u00c9tat et les entreprises du secteur priv\u00e9 pour ses services de soutien juridiques.<\/h2>\n<p>Infiniti Legal Support Services offrent un service impeccable \u00e0 la client\u00e8le mondiale \u2014 professionnel, fiable, et accessible \u2014 englobant les \u00e9l\u00e9ments suivants de services complets de soutien juridiqu<a href=\"http:\/\/www.frontenaclegal.com\/\"><span style=\"color: 808080;\">e:<\/span><\/a><\/p>\n<h2>Significations<\/h2>\n<p>Infiniti g\u00e8re tous les besoins de significations, y compris : les significations aux individus, aux entit\u00e9s priv\u00e9es ou publiques; la pr\u00e9paration des affidavits apparent\u00e9s de signification; la confirmation des significations; l\u2019\u00e9mission dans les palais de justice et le d\u00e9p\u00f4t \u00e0 tous les niveaux de juridiction, et lorsque n\u00e9cessaire, le retra\u00e7age.<\/p>\n<p><a title=\"Significations\" href=\"http:\/\/infinitilegal.com\/fr\/services\/significations\/\">Savoir plus &gt;<\/a><\/p>\n<h2>R\u00e9cup\u00e9rations de Documents et Recherches de Litiges<\/h2>\n<p>Infiniti offre une gamme compl\u00e8te de services de diligence raisonnable, y compris la r\u00e9cup\u00e9ration de documents d\u2019entreprise et personnels et la capacit\u00e9 de recherche des litiges, ainsi que la recherche de NUANS et les services de r\u00e9servation de nom d\u2019entreprise.<\/p>\n<p><a title=\"R\u00e9cup\u00e9rations de Documents et Recherches de Litiges\" href=\"http:\/\/infinitilegal.com\/fr\/services\/recherche-documentaires-et-recherche-des-litiges\/\">Savoir plus &gt;<\/a><\/p>\n<h2>Authentification et L\u00e9galisation<\/h2>\n<p>Infiniti fournit un service complet dans le domaine de l\u2019authentification et la l\u00e9galisation des documents \u00e9trangers, en collaborant avec le minist\u00e8re canadien des Affaires \u00e9trang\u00e8res et du commerce international (MAECI) et les ambassades et les consulats \u00e9trangers \u00e0 Ottawa.<\/p>\n<p><a title=\"Authentification et L\u00e9galisation\" href=\"http:\/\/infinitilegal.com\/fr\/services\/authentification-et-legalisation\/\">Savoir plus &gt;<\/a><\/p>\n<p>Avec tous ces services, vous pouvez vous attendre \u00e0 un excellent service \u00e0 la client\u00e8le et une livraison opportune effectu\u00e9e par des experts.<\/p>\n<p>L\u2019\u00e9quipe d\u2019exp\u00e9rience Infiniti qui est compos\u00e9e d\u2019employ\u00e9s bilingues (fran\u00e7ais et anglais) et de notre r\u00e9seau mondial d\u2019agents et de partenaires de confiance, notre technologie haut de gamme et les investissements en communication, nos rapports personnalis\u00e9s de mises \u00e0 jour en temps r\u00e9els, et nos capacit\u00e9s de gestion de cas font d\u2019Infiniti un partenaire avantageux.<\/p>\n<p>[\/et_pb_text][\/et_pb_column][\/et_pb_row][\/et_pb_section]<\/p>\n","protected":false},"excerpt":{"rendered":"<p>Infiniti \u2014 un partenaire reconnu mondialement pour ses services par les cabinets d\u2019avocats, les avou\u00e9s, les banques, les soci\u00e9t\u00e9s de fiducies, les organismes gouvernementaux, les soci\u00e9t\u00e9s d\u2019\u00c9tat et les entreprises du secteur priv\u00e9 pour ses services de soutien juridiques. Infiniti Legal Support Services offrent un service impeccable \u00e0 la client\u00e8le mondiale \u2014 professionnel, fiable, et [&hellip;]<\/p>\n","protected":false},"author":1,"featured_media":1353,"parent":0,"menu_order":0,"comment_status":"closed","ping_status":"closed","template":"","meta":{"_et_pb_use_builder":"on","_et_pb_old_content":"<img class=\"alignnone wp-image-330 size-full\" title=\"Infiniti Legal Support Services- Our Services\" src=\"https:\/\/infinitilegal.com\/wp-content\/uploads\/2011\/05\/services-stock.jpg\" alt=\"Document Legalization, Issuing and filling, Property Assessment Records,Filing document authentication, Documents Legalization, Civil and Criminal Litigation, Corporate filings, Affidavit of Service, NUANS Search, Power of Attorney,Adoption papers, etc.\" width=\"475\" height=\"140\" \/>\r\n<h2>Infiniti -- a proven, global partner to law firms and solicitors, banks, trust companies, government agencies, crown corporations and private sector businesses for legal support services.<\/h2>\r\nInfiniti Legal Support Services provides impeccable global customer service -- professional, reliable, and accessible -- encompassing the following comprehensive legal support services domain<a style=\"text-decoration: none;\" href=\"http:\/\/www.frontenaclegal.com\/\">s:<\/a>\r\n<h2>Process Serving<\/h2>\r\nInfiniti manages all process serving needs including:\u00a0 serving on individuals, private or public entities; preparation of related Affidavit of Service; Confirmation of Service; courthouse issuing and filing at all levels of court; and, when necessary, skip tracing. We have trusted process servers in Ottawa and throughout Ontario, as well as process serving agents Canada-wide, across the US and around the worldwide.\r\n\r\n<a title=\"Process Serving\" href=\"https:\/\/infinitilegal.com\/services\/process-serving\/\">Learn more &gt;<\/a>\r\n<h2>Document Retrieval and Litigation Search<\/h2>\r\nInfiniti offers a full range of due diligence services, including corporate and personal document retrieval and litigation search capabilities as well as NUANS search and corporate name reservation services.\r\n\r\n<a title=\"Document Retrieval and Litigation Search\" href=\"https:\/\/infinitilegal.com\/services\/document-retrieval-and-litigation-search\/\">Learn more &gt;<\/a>\r\n<h2>Authentication and Legalization<\/h2>\r\nInfiniti provides full service in the area of authentication and legalization of foreign papers, working with the Canadian Department of Foreign Affairs and International Trade (DFAIT) and the foreign embassies\/consulates in Ottawa.\r\n\r\n<a title=\"Authentication and Legalization\" href=\"https:\/\/infinitilegal.com\/services\/authentication-and-legalization\/\">Learn more &gt;<\/a>\r\n\r\nWith any of these services, you can expect great customer service and expert, expedient delivery whether in Ottawa, across Ontario, Canada-wide, in the US or internationally.\r\n\r\n&nbsp;\r\n\r\nInfiniti\u2019s team of experienced bilingual (French and English) employees and our trusted global network of agents and partners, our top-of-the-line technology and communication investments, our real-time customized status updates, and our case management capabilities make Infiniti an advantageous partner.","_et_gb_content_width":""},"yoast_head":"<!-- This site is optimized with the Yoast SEO plugin v20.9 - https:\/\/yoast.com\/wordpress\/plugins\/seo\/ -->\n<title>Les Services - Infiniti Legal Support Services<\/title>\n<meta name=\"description\" content=\"Civil and Criminal Litigation, Corporate filings, Affidavit of Service, NUANS Search, Power of Attorney,Adoption papers, etc.\" \/>\n<meta name=\"robots\" content=\"noindex, follow, max-snippet:-1, max-image-preview:large, max-video-preview:-1\" \/>\n<meta name=\"twitter:label1\" content=\"Dur\u00e9e de lecture estim\u00e9e\" \/>\n\t<meta name=\"twitter:data1\" content=\"2 minutes\" \/>\n<script type=\"application\/ld+json\" class=\"yoast-schema-graph\">{\"@context\":\"https:\/\/schema.org\",\"@graph\":[{\"@type\":\"WebPage\",\"@id\":\"https:\/\/infinitilegal.com\/fr\/services\/\",\"url\":\"https:\/\/infinitilegal.com\/fr\/services\/\",\"name\":\"Les Services - Infiniti Legal Support Services\",\"isPartOf\":{\"@id\":\"https:\/\/infinitilegal.com\/fr\/#website\"},\"datePublished\":\"2011-05-13T18:19:32+00:00\",\"dateModified\":\"2022-11-04T11:35:39+00:00\",\"description\":\"Civil and Criminal Litigation, Corporate filings, Affidavit of Service, NUANS Search, Power of Attorney,Adoption papers, etc.\",\"breadcrumb\":{\"@id\":\"https:\/\/infinitilegal.com\/fr\/services\/#breadcrumb\"},\"inLanguage\":\"fr-FR\",\"potentialAction\":[{\"@type\":\"ReadAction\",\"target\":[\"https:\/\/infinitilegal.com\/fr\/services\/\"]}]},{\"@type\":\"BreadcrumbList\",\"@id\":\"https:\/\/infinitilegal.com\/fr\/services\/#breadcrumb\",\"itemListElement\":[{\"@type\":\"ListItem\",\"position\":1,\"name\":\"Home\",\"item\":\"https:\/\/infinitilegal.com\/fr\/\"},{\"@type\":\"ListItem\",\"position\":2,\"name\":\"Les Services\"}]},{\"@type\":\"WebSite\",\"@id\":\"https:\/\/infinitilegal.com\/fr\/#website\",\"url\":\"https:\/\/infinitilegal.com\/fr\/\",\"name\":\"Infiniti Legal Support Services\",\"description\":\"Process Serving, Due Diligence, Authentication, Legalization, Court Filing, Litigation Search, Document Retrieval, Document Copying\",\"potentialAction\":[{\"@type\":\"SearchAction\",\"target\":{\"@type\":\"EntryPoint\",\"urlTemplate\":\"https:\/\/infinitilegal.com\/fr\/?s={search_term_string}\"},\"query-input\":\"required name=search_term_string\"}],\"inLanguage\":\"fr-FR\"}]}<\/script>\n<!-- \/ Yoast SEO plugin. -->","yoast_head_json":{"title":"Les Services - Infiniti Legal Support Services","description":"Civil and Criminal Litigation, Corporate filings, Affidavit of Service, NUANS Search, Power of Attorney,Adoption papers, etc.","robots":{"index":"noindex","follow":"follow","max-snippet":"max-snippet:-1","max-image-preview":"max-image-preview:large","max-video-preview":"max-video-preview:-1"},"twitter_misc":{"Dur\u00e9e de lecture estim\u00e9e":"2 minutes"},"schema":{"@context":"https:\/\/schema.org","@graph":[{"@type":"WebPage","@id":"https:\/\/infinitilegal.com\/fr\/services\/","url":"https:\/\/infinitilegal.com\/fr\/services\/","name":"Les Services - Infiniti Legal Support Services","isPartOf":{"@id":"https:\/\/infinitilegal.com\/fr\/#website"},"datePublished":"2011-05-13T18:19:32+00:00","dateModified":"2022-11-04T11:35:39+00:00","description":"Civil and Criminal Litigation, Corporate filings, Affidavit of Service, NUANS Search, Power of Attorney,Adoption papers, etc.","breadcrumb":{"@id":"https:\/\/infinitilegal.com\/fr\/services\/#breadcrumb"},"inLanguage":"fr-FR","potentialAction":[{"@type":"ReadAction","target":["https:\/\/infinitilegal.com\/fr\/services\/"]}]},{"@type":"BreadcrumbList","@id":"https:\/\/infinitilegal.com\/fr\/services\/#breadcrumb","itemListElement":[{"@type":"ListItem","position":1,"name":"Home","item":"https:\/\/infinitilegal.com\/fr\/"},{"@type":"ListItem","position":2,"name":"Les Services"}]},{"@type":"WebSite","@id":"https:\/\/infinitilegal.com\/fr\/#website","url":"https:\/\/infinitilegal.com\/fr\/","name":"Infiniti Legal Support Services","description":"Process Serving, Due Diligence, Authentication, Legalization, Court Filing, Litigation Search, Document Retrieval, Document Copying","potentialAction":[{"@type":"SearchAction","target":{"@type":"EntryPoint","urlTemplate":"https:\/\/infinitilegal.com\/fr\/?s={search_term_string}"},"query-input":"required name=search_term_string"}],"inLanguage":"fr-FR"}]}},"_links":{"self":[{"href":"https:\/\/infinitilegal.com\/fr\/wp-json\/wp\/v2\/pages\/1427"}],"collection":[{"href":"https:\/\/infinitilegal.com\/fr\/wp-json\/wp\/v2\/pages"}],"about":[{"href":"https:\/\/infinitilegal.com\/fr\/wp-json\/wp\/v2\/types\/page"}],"author":[{"embeddable":true,"href":"https:\/\/infinitilegal.com\/fr\/wp-json\/wp\/v2\/users\/1"}],"replies":[{"embeddable":true,"href":"https:\/\/infinitilegal.com\/fr\/wp-json\/wp\/v2\/comments?post=1427"}],"version-history":[{"count":0,"href":"https:\/\/infinitilegal.com\/fr\/wp-json\/wp\/v2\/pages\/1427\/revisions"}],"wp:featuredmedia":[{"embeddable":true,"href":"https:\/\/infinitilegal.com\/fr\/wp-json\/wp\/v2\/media\/1353"}],"wp:attachment":[{"href":"https:\/\/infinitilegal.com\/fr\/wp-json\/wp\/v2\/media?parent=1427"}],"curies":[{"name":"wp","href":"https:\/\/api.w.org\/{rel}","templated":true}]}}