{"id":1431,"date":"2011-05-20T16:47:06","date_gmt":"2011-05-20T16:47:06","guid":{"rendered":"https:\/\/staging.infinitilegal.ca\/services\/process-serving\/"},"modified":"2022-11-04T11:49:52","modified_gmt":"2022-11-04T11:49:52","slug":"significations","status":"publish","type":"page","link":"https:\/\/infinitilegal.com\/fr\/services\/significations\/","title":{"rendered":"Significations"},"content":{"rendered":"<p>[et_pb_section fb_built=\u00a0\u00bb1&Prime; admin_label=\u00a0\u00bbsection\u00a0\u00bb _builder_version=\u00a0\u00bb4.18.1&Prime; custom_padding=\u00a0\u00bb0px||||false|false\u00a0\u00bb global_colors_info=\u00a0\u00bb{}\u00a0\u00bb][et_pb_row admin_label=\u00a0\u00bbrow\u00a0\u00bb _builder_version=\u00a0\u00bb4.16&Prime; background_size=\u00a0\u00bbinitial\u00a0\u00bb background_position=\u00a0\u00bbtop_left\u00a0\u00bb background_repeat=\u00a0\u00bbrepeat\u00a0\u00bb global_colors_info=\u00a0\u00bb{}\u00a0\u00bb][et_pb_column type=\u00a0\u00bb4_4&Prime; _builder_version=\u00a0\u00bb4.16&Prime; custom_padding=\u00a0\u00bb|||\u00a0\u00bb global_colors_info=\u00a0\u00bb{}\u00a0\u00bb custom_padding__hover=\u00a0\u00bb|||\u00a0\u00bb][et_pb_text admin_label=\u00a0\u00bbText\u00a0\u00bb _builder_version=\u00a0\u00bb4.19.0&Prime; background_size=\u00a0\u00bbinitial\u00a0\u00bb background_position=\u00a0\u00bbtop_left\u00a0\u00bb background_repeat=\u00a0\u00bbrepeat\u00a0\u00bb hover_enabled=\u00a0\u00bb0&Prime; global_colors_info=\u00a0\u00bb{}\u00a0\u00bb sticky_enabled=\u00a0\u00bb0&Prime;]<\/p>\n<h2>G\u00e9rer vos documents du processus de litiges de l\u2019\u00e9mission, \u00e0 la signification, au d\u00e9p\u00f4t et au retra\u00e7age devient plus facile avec Infiniti Legal Support Services.<\/h2>\n<p>Infiniti Legal Support Services offre un guichet unique pour tous vos besoins de significations, d\u2019\u00e9mission, de d\u00e9p\u00f4t et de tra\u00e7age, y compris :<\/p>\n<ul>\n<li>Les significations des documents de la cour pour individus et entreprises (entit\u00e9s publiques et priv\u00e9es).<\/li>\n<li>La pr\u00e9paration des affidavits de signification apparent\u00e9s (les tentatives et les significations effectu\u00e9es) et la confirmation de signification.<\/li>\n<li>L\u2019\u00e9mission et d\u00e9p\u00f4t des documents de la cour dans les palais de justice pertinent (tous les niveaux de juridiction).<\/li>\n<li>Le retra\u00e7age et la localisation de gens qui ne sont pas facilement \u00ab trouvables \u00bb afin qu\u2019ils puissent \u00eatre servi (recherche et r\u00e9cup\u00e9ration d\u2019adresse actuelle).<\/li>\n<\/ul>\n<p>Infiniti g\u00e8re le d\u00e9p\u00f4t et l\u2019\u00e9mission, ainsi que la recherche et la commande des dossiers, dans les juridictions suivantes : la Cour f\u00e9d\u00e9rale, les Cours provinciales et municipales, y compris les 53 Cours sup\u00e9rieures de l\u2019Ontario (par ex., Ottawa, Toronto), les tribunaux de la famille et les cours de petites cr\u00e9ances apparent\u00e9s, les Cours du Qu\u00e9bec, et tous les autres tribunaux partout au Canada, tels que les Cours d\u2019appels, et les Cours divisionnaires, les tribunaux immobiliers et les d\u00e9p\u00f4ts du sh\u00e9rif.<\/p>\n<h2>Dossiers et base de donn\u00e9es consultables<\/h2>\n<p>En utilisant les technologies de pointe, Infiniti maintient un dossier de tous les affidavits de significations, les particularit\u00e9s des significations et la correspondance entre toutes les parties concern\u00e9es dans la signification. Tout ce mat\u00e9riel peut \u00eatre r\u00e9cup\u00e9rable instantan\u00e9ment, offrant \u00e0 nos clients la tranquillit\u00e9 d\u2019esprit si l\u2019information devenait n\u00e9cessaire dans l\u2019avenir. De plus, nous fournissons une confirmation de signification selon vos pr\u00e9f\u00e9rences (par courriel, t\u00e9l\u00e9phone, ou t\u00e9l\u00e9copieur) afin que vous soyez toujours actuels sur l\u2019\u00e9tat de vos significations.<\/p>\n<p>Nous utilisons \u00e9norm\u00e9ment notre base de donn\u00e9es des dossiers juridiques et notre acc\u00e8s aux portails et applications sp\u00e9cialis\u00e9es \u00e0 diffusion restreinte pour retracer les sujets de significations. Ceci avantage substantiellement notre client\u00e8le, assurant ainsi le respect des dates de signification tout en minimisant les co\u00fbts de retra\u00e7age.<\/p>\n<h2>R\u00e9seau mondial de professionnels<\/h2>\n<p>Comme membre actif de la<span>\u00a0<\/span><a href=\"http:\/\/www.napps.org\/\">National Association of Professional Process Servers (NAPPS)<\/a><span>\u00a0<\/span>et de la<span>\u00a0<\/span><a href=\"http:\/\/www.npps.net\/\">National Professional Process Server Network (NPPSN),<span>\u00a0<\/span><\/a>et avec nos plus de 30 ann\u00e9es dans le commerce, Infiniti Legal Support Services s\u2019est cr\u00e9\u00e9 un r\u00e9seau loyal de serveurs fiables et comp\u00e9tents de par le monde.<\/p>\n<p>[\/et_pb_text][\/et_pb_column][\/et_pb_row][\/et_pb_section]<\/p>\n","protected":false},"excerpt":{"rendered":"<p>G\u00e9rer vos documents du processus de litiges de l\u2019\u00e9mission, \u00e0 la signification, au d\u00e9p\u00f4t et au retra\u00e7age devient plus facile avec Infiniti Legal Support Services. Infiniti Legal Support Services offre un guichet unique pour tous vos besoins de significations, d\u2019\u00e9mission, de d\u00e9p\u00f4t et de tra\u00e7age, y compris : Les significations des documents de la cour [&hellip;]<\/p>\n","protected":false},"author":1,"featured_media":1353,"parent":1427,"menu_order":0,"comment_status":"closed","ping_status":"closed","template":"","meta":{"_et_pb_use_builder":"on","_et_pb_old_content":"<img class=\"size-full wp-image-332 alignnone\" title=\"services-stock2\" src=\"https:\/\/infinitilegal.com\/wp-content\/uploads\/2011\/05\/services-stock2.jpg\" alt=\"\" width=\"475\" height=\"140\" \/>\r\n<h2>Process serving -- managing your litigation process documents from issuing, to serving, to filing, to tracking is made easy with Infiniti Legal Support Services.<\/h2>\r\nHeadquartered in Ottawa, Ontario, Canada, Infiniti Legal Support Services provides a one-stop-shop for all your process serving, issuing, filing and tracking needs.\r\n\r\nInfiniti's process servers diligently provide you critical services including:\r\n<ul>\r\n \t<li>Serving of court papers on individuals and corporations (public and private entities)<\/li>\r\n \t<li>Preparation of related Affidavit of Service (Attempted and Effected Service) and Confirmation of Service<\/li>\r\n \t<li>Issuing and filing of court papers in the relevant courthouse (all levels of court)<\/li>\r\n \t<li>Skip tracing or finding people who are not readily \u201cfindable\u201d so that they may be served (current address search and retrieval)<\/li>\r\n<\/ul>\r\n<h2>Process Server -- Ottawa, Ontario, Canada, United States, Europe<\/h2>\r\nInfiniti manages process serving requirements such as filing and issuing as well as searching and ordering of files, in the following courts: Federal Court; Provincial and Municipal Courts, including all 53 Ontario Superior Courts (e.g., Ottawa, Toronto) and related Family and Small Claims Courts, Quebec Courts; and any other court across Canada such as Courts of Appeal and Divisional Courts, Estates Courts, and Sheriff\u2019s Filings.\r\n\r\nAlthough our main office for process serving is in Ottawa, Infiniti is a recognized and trusted process server throughout Ontario, across Canada, as well as in the United States, Europe and around the world.\r\n<h2>Process Serving -- Searchable Records\/Database<\/h2>\r\nWith the use of leading edge technology in our Ottawa offices, Infiniti maintain records of all Affidavits of Service, particulars of service, and correspondence on all parties involved in service. All of this material can be retrieved instantly, providing our clients with peace of mind should the information be required in the future. We also provide Confirmation of Service through whichever means you prefer (email, phone, or fax) so that you are always up to date on your service status.\r\n\r\nOur database of court files and our access to restricted portals and specialized applications are used extensively in locating subjects for service. This is of substantial benefit to our clients; ensuring service dates are met while keeping skip tracing costs to a minimum.\r\n<h2>Global Professional Network of Process Servers<\/h2>\r\nAs an active member of the <a href=\"http:\/\/www.napps.org\/\">National Association of Professional Process Servers (NAPPS)<\/a> and the <a href=\"http:\/\/www.npps.net\/\">National Professional Process Server Network (NPPSN)<\/a>, and via more than 30 years in the business, Infiniti Legal Support Services has built a trusted network of reliable, knowledgeable process servers not just in Ottawa, Ontario, Canada but spanning the globe.\r\n<h2>Process Servers FAQ<\/h2>\r\nFor more information about the role of process servers, what process serving entails as well as more specifics about Infiniti's process server team and process serving services, please visit <a href=\"https:\/\/infinitilegal.com\/services\/process-serving\/process-serving-faq\/\">our process serving frequently asked questions (FAQ) page<\/a>.","_et_gb_content_width":""},"yoast_head":"<!-- This site is optimized with the Yoast SEO plugin v20.9 - https:\/\/yoast.com\/wordpress\/plugins\/seo\/ -->\n<title>Process Serving -- Ottawa, Ontario, Canada-wide, US and Worldwide<\/title>\n<meta name=\"description\" content=\"Process serving -- managing your litigation process documents from issuing, to serving, to filing, to tracking is made easy with Infiniti Legal Support\" \/>\n<meta name=\"robots\" content=\"noindex, follow, max-snippet:-1, max-image-preview:large, max-video-preview:-1\" \/>\n<meta name=\"twitter:label1\" content=\"Dur\u00e9e de lecture estim\u00e9e\" \/>\n\t<meta name=\"twitter:data1\" content=\"3 minutes\" \/>\n<script type=\"application\/ld+json\" class=\"yoast-schema-graph\">{\"@context\":\"https:\/\/schema.org\",\"@graph\":[{\"@type\":\"WebPage\",\"@id\":\"https:\/\/infinitilegal.com\/fr\/services\/significations\/\",\"url\":\"https:\/\/infinitilegal.com\/fr\/services\/significations\/\",\"name\":\"Process Serving -- Ottawa, Ontario, Canada-wide, US and Worldwide\",\"isPartOf\":{\"@id\":\"https:\/\/infinitilegal.com\/fr\/#website\"},\"datePublished\":\"2011-05-20T16:47:06+00:00\",\"dateModified\":\"2022-11-04T11:49:52+00:00\",\"description\":\"Process serving -- managing your litigation process documents from issuing, to serving, to filing, to tracking is made easy with Infiniti Legal Support\",\"breadcrumb\":{\"@id\":\"https:\/\/infinitilegal.com\/fr\/services\/significations\/#breadcrumb\"},\"inLanguage\":\"fr-FR\",\"potentialAction\":[{\"@type\":\"ReadAction\",\"target\":[\"https:\/\/infinitilegal.com\/fr\/services\/significations\/\"]}]},{\"@type\":\"BreadcrumbList\",\"@id\":\"https:\/\/infinitilegal.com\/fr\/services\/significations\/#breadcrumb\",\"itemListElement\":[{\"@type\":\"ListItem\",\"position\":1,\"name\":\"Home\",\"item\":\"https:\/\/infinitilegal.com\/fr\/\"},{\"@type\":\"ListItem\",\"position\":2,\"name\":\"Les Services\",\"item\":\"https:\/\/infinitilegal.com\/fr\/services\/\"},{\"@type\":\"ListItem\",\"position\":3,\"name\":\"Significations\"}]},{\"@type\":\"WebSite\",\"@id\":\"https:\/\/infinitilegal.com\/fr\/#website\",\"url\":\"https:\/\/infinitilegal.com\/fr\/\",\"name\":\"Infiniti Legal Support Services\",\"description\":\"Process Serving, Due Diligence, Authentication, Legalization, Court Filing, Litigation Search, Document Retrieval, Document Copying\",\"potentialAction\":[{\"@type\":\"SearchAction\",\"target\":{\"@type\":\"EntryPoint\",\"urlTemplate\":\"https:\/\/infinitilegal.com\/fr\/?s={search_term_string}\"},\"query-input\":\"required name=search_term_string\"}],\"inLanguage\":\"fr-FR\"}]}<\/script>\n<!-- \/ Yoast SEO plugin. -->","yoast_head_json":{"title":"Process Serving -- Ottawa, Ontario, Canada-wide, US and Worldwide","description":"Process serving -- managing your litigation process documents from issuing, to serving, to filing, to tracking is made easy with Infiniti Legal Support","robots":{"index":"noindex","follow":"follow","max-snippet":"max-snippet:-1","max-image-preview":"max-image-preview:large","max-video-preview":"max-video-preview:-1"},"twitter_misc":{"Dur\u00e9e de lecture estim\u00e9e":"3 minutes"},"schema":{"@context":"https:\/\/schema.org","@graph":[{"@type":"WebPage","@id":"https:\/\/infinitilegal.com\/fr\/services\/significations\/","url":"https:\/\/infinitilegal.com\/fr\/services\/significations\/","name":"Process Serving -- Ottawa, Ontario, Canada-wide, US and Worldwide","isPartOf":{"@id":"https:\/\/infinitilegal.com\/fr\/#website"},"datePublished":"2011-05-20T16:47:06+00:00","dateModified":"2022-11-04T11:49:52+00:00","description":"Process serving -- managing your litigation process documents from issuing, to serving, to filing, to tracking is made easy with Infiniti Legal Support","breadcrumb":{"@id":"https:\/\/infinitilegal.com\/fr\/services\/significations\/#breadcrumb"},"inLanguage":"fr-FR","potentialAction":[{"@type":"ReadAction","target":["https:\/\/infinitilegal.com\/fr\/services\/significations\/"]}]},{"@type":"BreadcrumbList","@id":"https:\/\/infinitilegal.com\/fr\/services\/significations\/#breadcrumb","itemListElement":[{"@type":"ListItem","position":1,"name":"Home","item":"https:\/\/infinitilegal.com\/fr\/"},{"@type":"ListItem","position":2,"name":"Les Services","item":"https:\/\/infinitilegal.com\/fr\/services\/"},{"@type":"ListItem","position":3,"name":"Significations"}]},{"@type":"WebSite","@id":"https:\/\/infinitilegal.com\/fr\/#website","url":"https:\/\/infinitilegal.com\/fr\/","name":"Infiniti Legal Support Services","description":"Process Serving, Due Diligence, Authentication, Legalization, Court Filing, Litigation Search, Document Retrieval, Document Copying","potentialAction":[{"@type":"SearchAction","target":{"@type":"EntryPoint","urlTemplate":"https:\/\/infinitilegal.com\/fr\/?s={search_term_string}"},"query-input":"required name=search_term_string"}],"inLanguage":"fr-FR"}]}},"_links":{"self":[{"href":"https:\/\/infinitilegal.com\/fr\/wp-json\/wp\/v2\/pages\/1431"}],"collection":[{"href":"https:\/\/infinitilegal.com\/fr\/wp-json\/wp\/v2\/pages"}],"about":[{"href":"https:\/\/infinitilegal.com\/fr\/wp-json\/wp\/v2\/types\/page"}],"author":[{"embeddable":true,"href":"https:\/\/infinitilegal.com\/fr\/wp-json\/wp\/v2\/users\/1"}],"replies":[{"embeddable":true,"href":"https:\/\/infinitilegal.com\/fr\/wp-json\/wp\/v2\/comments?post=1431"}],"version-history":[{"count":0,"href":"https:\/\/infinitilegal.com\/fr\/wp-json\/wp\/v2\/pages\/1431\/revisions"}],"up":[{"embeddable":true,"href":"https:\/\/infinitilegal.com\/fr\/wp-json\/wp\/v2\/pages\/1427"}],"wp:featuredmedia":[{"embeddable":true,"href":"https:\/\/infinitilegal.com\/fr\/wp-json\/wp\/v2\/media\/1353"}],"wp:attachment":[{"href":"https:\/\/infinitilegal.com\/fr\/wp-json\/wp\/v2\/media?parent=1431"}],"curies":[{"name":"wp","href":"https:\/\/api.w.org\/{rel}","templated":true}]}}