{"id":1432,"date":"2011-05-20T16:47:41","date_gmt":"2011-05-20T16:47:41","guid":{"rendered":"https:\/\/staging.infinitilegal.ca\/services\/document-retrieval-and-litigation-search\/"},"modified":"2022-11-04T11:49:01","modified_gmt":"2022-11-04T11:49:01","slug":"recherche-documentaires-et-recherche-des-litiges","status":"publish","type":"page","link":"https:\/\/infinitilegal.com\/fr\/services\/recherche-documentaires-et-recherche-des-litiges\/","title":{"rendered":"R\u00e9cup\u00e9ration de Documents et Recherche de Litiges"},"content":{"rendered":"<p>[et_pb_section fb_built=\u00a0\u00bb1&Prime; admin_label=\u00a0\u00bbsection\u00a0\u00bb _builder_version=\u00a0\u00bb4.19.0&Prime; custom_padding=\u00a0\u00bb0px||||false|false\u00a0\u00bb global_colors_info=\u00a0\u00bb{}\u00a0\u00bb][et_pb_row admin_label=\u00a0\u00bbrow\u00a0\u00bb _builder_version=\u00a0\u00bb4.19.0&Prime; background_size=\u00a0\u00bbinitial\u00a0\u00bb background_position=\u00a0\u00bbtop_left\u00a0\u00bb background_repeat=\u00a0\u00bbrepeat\u00a0\u00bb custom_padding=\u00a0\u00bb||0px||false|false\u00a0\u00bb global_colors_info=\u00a0\u00bb{}\u00a0\u00bb][et_pb_column type=\u00a0\u00bb4_4&Prime; _builder_version=\u00a0\u00bb4.16&Prime; custom_padding=\u00a0\u00bb|||\u00a0\u00bb global_colors_info=\u00a0\u00bb{}\u00a0\u00bb custom_padding__hover=\u00a0\u00bb|||\u00a0\u00bb][et_pb_text admin_label=\u00a0\u00bbText\u00a0\u00bb _builder_version=\u00a0\u00bb4.19.0&Prime; background_size=\u00a0\u00bbinitial\u00a0\u00bb background_position=\u00a0\u00bbtop_left\u00a0\u00bb background_repeat=\u00a0\u00bbrepeat\u00a0\u00bb hover_enabled=\u00a0\u00bb0&Prime; global_colors_info=\u00a0\u00bb{}\u00a0\u00bb sticky_enabled=\u00a0\u00bb0&Prime;]<\/p>\n<h2>Localement, r\u00e9gionalement ou partout dans le monde, Infiniti Legal Support Services offre \u00e0 ses clients une gamme compl\u00e8te de capacit\u00e9s en r\u00e9cup\u00e9ration de documents, recherche de litiges et diligence raisonnable.<\/h2>\n<p>Sur tous les fronts, une prise de d\u00e9cisions d\u2019affaires \u00e9clair\u00e9e est essentielle \u00e0 la r\u00e9ussite \u2013 qu\u2019il s\u2019agisse de la validation d\u2019une autre entreprise qui existe d\u00e9j\u00e0, la confirmation d\u2019une adresse, ou des d\u00e9tails d\u2019un profil corporatif, de compl\u00e9ter une recherche efficace, un enregistrement ou un d\u00e9p\u00f4t appropri\u00e9, etc.<\/p>\n<p>Infiniti Legal Support Services offre \u00e0 ses clients un appui complet pour les besoins d\u2019affaires en diligences raisonnables essentielles. Nos capacit\u00e9s de recherche rapide et efficace et de r\u00e9cup\u00e9ration de documents comprennent :<\/p>\n<p>[\/et_pb_text][\/et_pb_column][\/et_pb_row][et_pb_row column_structure=\u00a0\u00bb1_2,1_2&Prime; admin_label=\u00a0\u00bbrow\u00a0\u00bb _builder_version=\u00a0\u00bb4.19.0&Prime; background_size=\u00a0\u00bbinitial\u00a0\u00bb background_position=\u00a0\u00bbtop_left\u00a0\u00bb background_repeat=\u00a0\u00bbrepeat\u00a0\u00bb custom_padding=\u00a0\u00bb5px||0px||false|false\u00a0\u00bb global_colors_info=\u00a0\u00bb{}\u00a0\u00bb][et_pb_column type=\u00a0\u00bb1_2&Prime; _builder_version=\u00a0\u00bb4.16&Prime; custom_padding=\u00a0\u00bb|||\u00a0\u00bb global_colors_info=\u00a0\u00bb{}\u00a0\u00bb custom_padding__hover=\u00a0\u00bb|||\u00a0\u00bb][et_pb_text _builder_version=\u00a0\u00bb4.19.0&Prime; _module_preset=\u00a0\u00bbdefault\u00a0\u00bb hover_enabled=\u00a0\u00bb0&Prime; global_colors_info=\u00a0\u00bb{}\u00a0\u00bb sticky_enabled=\u00a0\u00bb0&Prime;]<\/p>\n<ul>\n<li>Les dossiers des droits de propri\u00e9t\u00e9<\/li>\n<li>Les documents d\u2019\u00e9valuation fonci\u00e8re<\/li>\n<li>L\u2019enregistrement des droits personnels (PPR)\/Personal Property Security Act (PPSA) recherches et enregistrements<\/li>\n<li>Les litiges civils et criminels \u00e0 tous les niveaux juridiques<\/li>\n<li>Faillite (insolvabilit\u00e9) et la Loi sur les arrangements avec les cr\u00e9anciers des compagnies (LACC) recherches et d\u00e9p\u00f4ts<\/li>\n<li>Les dossiers de v\u00e9hicules automobiles<\/li>\n<li>Les dossiers de permis de conduire<\/li>\n<li>Les dossiers de plaque d\u2019immatriculation<\/li>\n<\/ul>\n<p>[\/et_pb_text][\/et_pb_column][et_pb_column type=\u00a0\u00bb1_2&Prime; _builder_version=\u00a0\u00bb4.16&Prime; custom_padding=\u00a0\u00bb|||\u00a0\u00bb global_colors_info=\u00a0\u00bb{}\u00a0\u00bb custom_padding__hover=\u00a0\u00bb|||\u00a0\u00bb][et_pb_text _builder_version=\u00a0\u00bb4.19.0&Prime; _module_preset=\u00a0\u00bbdefault\u00a0\u00bb hover_enabled=\u00a0\u00bb0&Prime; global_colors_info=\u00a0\u00bb{}\u00a0\u00bb sticky_enabled=\u00a0\u00bb0&Prime;]<\/p>\n<ul>\n<li>Les dossiers de profil d\u2019entreprise et de la direction<\/li>\n<li>Les recherches \u00e0 la Biblioth\u00e8que et Archives Canada<\/li>\n<li>Les recherches de s\u00e9curit\u00e9 et privil\u00e8ges<\/li>\n<li>Le rapport de solvabilit\u00e9<\/li>\n<li>La r\u00e9cup\u00e9ration et la copie des documents juridiques<\/li>\n<li>Les d\u00e9p\u00f4ts des entreprises<\/li>\n<li>Les recherches de la Loi sur la vente en bloc (Ontario seulement)<\/li>\n<li>Les recherches d\u2019ex\u00e9cution\/sh\u00e9rif (ordonnance de saisie)<\/li>\n<\/ul>\n<p>[\/et_pb_text][\/et_pb_column][\/et_pb_row][et_pb_row admin_label=\u00a0\u00bbrow\u00a0\u00bb _builder_version=\u00a0\u00bb4.19.0&Prime; background_size=\u00a0\u00bbinitial\u00a0\u00bb background_position=\u00a0\u00bbtop_left\u00a0\u00bb background_repeat=\u00a0\u00bbrepeat\u00a0\u00bb custom_padding=\u00a0\u00bb0px||||false|false\u00a0\u00bb global_colors_info=\u00a0\u00bb{}\u00a0\u00bb][et_pb_column type=\u00a0\u00bb4_4&Prime; _builder_version=\u00a0\u00bb4.16&Prime; custom_padding=\u00a0\u00bb|||\u00a0\u00bb global_colors_info=\u00a0\u00bb{}\u00a0\u00bb custom_padding__hover=\u00a0\u00bb|||\u00a0\u00bb][et_pb_text _builder_version=\u00a0\u00bb4.19.0&Prime; _module_preset=\u00a0\u00bbdefault\u00a0\u00bb hover_enabled=\u00a0\u00bb0&Prime; global_colors_info=\u00a0\u00bb{}\u00a0\u00bb sticky_enabled=\u00a0\u00bb0&Prime;]<\/p>\n<p>L\u2019\u00e9quipe d\u2019Infiniti utilise sa vaste exp\u00e9rience de l\u2019industrie, des professionnels qualifi\u00e9s, les plus r\u00e9cents outils en technologie et en communication, l\u2019acc\u00e8s direct aux organismes publics et son r\u00e9seau d\u2019agents et de partenaires de confiance pour s\u2019assurer d\u2019un service rapide et efficace de diligence raisonnable dans le monde entier.<\/p>\n<h2>Services de recherche NUANS et de r\u00e9servation de nom d\u2019entreprise<\/h2>\n<p>Infiniti Legal Support Services offre aussi des services complets de recherche NUANS et de r\u00e9servation de nom d\u2019entreprise. C\u2019est avec rapidit\u00e9 et pr\u00e9cision que notre personnel qualifi\u00e9 peut vous fournir les rapports n\u00e9cessaires pour une incorporation appropri\u00e9e ou une modification \u00e0 votre nom d\u2019entreprise.<\/p>\n<h2>R\u00e9seau mondial de professionnels<\/h2>\n<p>Infiniti Legal Support Services est un membre actif de<span>\u00a0<\/span><a href=\"http:\/\/www.oapsor.ca\/\">l\u2019Ontario Association of Professional Searchers of Record (OAPSOR)<\/a>,<span>\u00a0<\/span><a href=\"http:\/\/www.prrn.us\/\">le Public Record Retriever Network (PRRN)<\/a><span>\u00a0<\/span>et<span>\u00a0<\/span><a href=\"http:\/\/www.iafci.org\/\">l\u2019International Association of Financial Crimes Investigations (IAFC)<\/a>. L\u2019appartenance \u00e0 ces groupes offre \u00e0 Infiniti un acc\u00e8s \u00e0 un r\u00e9seau fiable de partenaires d\u2019exp\u00e9rience en r\u00e9cup\u00e9ration et en recherche partout dans le monde.<\/p>\n<p>[\/et_pb_text][\/et_pb_column][\/et_pb_row][\/et_pb_section]<\/p>\n","protected":false},"excerpt":{"rendered":"<p>Localement, r\u00e9gionalement ou partout dans le monde, Infiniti Legal Support Services offre \u00e0 ses clients une gamme compl\u00e8te de capacit\u00e9s en r\u00e9cup\u00e9ration de documents, recherche de litiges et diligence raisonnable. Sur tous les fronts, une prise de d\u00e9cisions d\u2019affaires \u00e9clair\u00e9e est essentielle \u00e0 la r\u00e9ussite \u2013 qu\u2019il s\u2019agisse de la validation d\u2019une autre entreprise qui [&hellip;]<\/p>\n","protected":false},"author":1,"featured_media":1353,"parent":1427,"menu_order":0,"comment_status":"closed","ping_status":"closed","template":"","meta":{"_et_pb_use_builder":"on","_et_pb_old_content":"<img class=\"alignnone\" src=\"https:\/\/infinitilegal.com\/wp-content\/uploads\/2011\/05\/services-stock3.jpg\" alt=\"\" width=\"475\" height=\"140\" \/>\r\n<h2>Whether service is required in Ottawa, across Ontario, Canada-wide or around the world, Infiniti Legal Support Services provides our clients with a full range of document retrieval, litigation search and due diligence capabilities.<\/h2>\r\nMaking informed business decisions is critical to success on any front \u2013 whether that be validating that another business actually exists, confirming address and corporate profile details, completing effective searches and appropriate registrations or filings, etc.\r\n\r\nOttawa, Ontario based Infiniti Legal Support Services provides our clients full support for these critical due diligence business needs. Our fast and efficient search and document retrieval and litigation search capabilities include:\r\n<table>\r\n<tbody>\r\n<tr>\r\n<td style=\"width: 48%; vertical-align: top;\" valign=\"top\">\r\n<ul>\r\n \t<li>Property Ownership Records<\/li>\r\n \t<li>Property Assessment Records<\/li>\r\n \t<li>Personal Property Registration (PPR)\/Personal Property Security Act (PPSA) searches and registrations<\/li>\r\n \t<li>Civil and Criminal Litigation at all levels of Court<\/li>\r\n \t<li>Bankruptcy (Insolvency) and Company Creditors Arrangements Act (CCAA) searches and filings.<\/li>\r\n \t<li>Motor Vehicle Records<\/li>\r\n \t<li>Driver\u2019s License Records<\/li>\r\n \t<li>License Plate Records<\/li>\r\n<\/ul>\r\n<\/td>\r\n<td style=\"width: 48%; vertical-align: top;\" valign=\"top\">\r\n<ul>\r\n \t<li>Corporate Profile and Directorship Records<\/li>\r\n \t<li>National Library and Public Archives Canada Research<\/li>\r\n \t<li>Security and Lien searches<\/li>\r\n \t<li>Credit Reporting<\/li>\r\n \t<li>Court Document retrieval and copying<\/li>\r\n \t<li>Corporate filings<\/li>\r\n \t<li>Bulk Sales Act searches (Ontario only)<\/li>\r\n \t<li>Execution\/Sheriff searches (writs of execution)<\/li>\r\n<\/ul>\r\n<\/td>\r\n<\/tr>\r\n<\/tbody>\r\n<\/table>\r\nThe Infiniti team uses our vast industry experience and qualified team of professionals, the latest technology and communication tools, direct access to government agencies and our global network of trusted agents and partners to ensure fast, efficient document retrieval, litigation search and other due diligence services worldwide.\r\n<h2>NUANS Search and Corporate Name Reservation Services<\/h2>\r\nInfiniti Legal Support Services also provides complete NUANS search and corporate name reservation services. Our trained staff will quickly and accurately provide you with the necessary reports to properly incorporate or amend your company name.\r\n<h2>Global Professional Network<\/h2>\r\nInfiniti Legal Support Services is an active member of the <a href=\"http:\/\/www.oapsor.ca\/\">Ontario Association of Professional Searchers of Record (OAPSOR)<\/a>, the <a href=\"http:\/\/www.prrn.us\/\">Public Record Retriever Network (PRRN)<\/a> and the <a href=\"http:\/\/www.iafci.org\/\">International Association of Financial Crimes Investigations (IAFC)<\/a>. These memberships provide Infiniti with access to a trusted network of expert document retrieval and litigation search partners not just in Ottawa, Ontario, Canada but in the US, Europeand spanning the globe.","_et_gb_content_width":""},"yoast_head":"<!-- This site is optimized with the Yoast SEO plugin v20.9 - https:\/\/yoast.com\/wordpress\/plugins\/seo\/ -->\n<title>Document Retrieval and Litigation Search<\/title>\n<meta name=\"description\" content=\"Ottawa, Ontario based Infiniti Legal Support Services: Ottawa Document retrieval, Document copy, Document copying, Due diligence, Courthouse record search\" \/>\n<meta name=\"robots\" content=\"noindex, follow, max-snippet:-1, max-image-preview:large, max-video-preview:-1\" \/>\n<meta name=\"twitter:label1\" content=\"Dur\u00e9e de lecture estim\u00e9e\" \/>\n\t<meta name=\"twitter:data1\" content=\"2 minutes\" \/>\n<script type=\"application\/ld+json\" class=\"yoast-schema-graph\">{\"@context\":\"https:\/\/schema.org\",\"@graph\":[{\"@type\":\"WebPage\",\"@id\":\"https:\/\/infinitilegal.com\/fr\/services\/recherche-documentaires-et-recherche-des-litiges\/\",\"url\":\"https:\/\/infinitilegal.com\/fr\/services\/recherche-documentaires-et-recherche-des-litiges\/\",\"name\":\"Document Retrieval and Litigation Search\",\"isPartOf\":{\"@id\":\"https:\/\/infinitilegal.com\/fr\/#website\"},\"datePublished\":\"2011-05-20T16:47:41+00:00\",\"dateModified\":\"2022-11-04T11:49:01+00:00\",\"description\":\"Ottawa, Ontario based Infiniti Legal Support Services: Ottawa Document retrieval, Document copy, Document copying, Due diligence, Courthouse record search\",\"breadcrumb\":{\"@id\":\"https:\/\/infinitilegal.com\/fr\/services\/recherche-documentaires-et-recherche-des-litiges\/#breadcrumb\"},\"inLanguage\":\"fr-FR\",\"potentialAction\":[{\"@type\":\"ReadAction\",\"target\":[\"https:\/\/infinitilegal.com\/fr\/services\/recherche-documentaires-et-recherche-des-litiges\/\"]}]},{\"@type\":\"BreadcrumbList\",\"@id\":\"https:\/\/infinitilegal.com\/fr\/services\/recherche-documentaires-et-recherche-des-litiges\/#breadcrumb\",\"itemListElement\":[{\"@type\":\"ListItem\",\"position\":1,\"name\":\"Home\",\"item\":\"https:\/\/infinitilegal.com\/fr\/\"},{\"@type\":\"ListItem\",\"position\":2,\"name\":\"Les Services\",\"item\":\"https:\/\/infinitilegal.com\/fr\/services\/\"},{\"@type\":\"ListItem\",\"position\":3,\"name\":\"R\u00e9cup\u00e9ration de Documents et Recherche de Litiges\"}]},{\"@type\":\"WebSite\",\"@id\":\"https:\/\/infinitilegal.com\/fr\/#website\",\"url\":\"https:\/\/infinitilegal.com\/fr\/\",\"name\":\"Infiniti Legal Support Services\",\"description\":\"Process Serving, Due Diligence, Authentication, Legalization, Court Filing, Litigation Search, Document Retrieval, Document Copying\",\"potentialAction\":[{\"@type\":\"SearchAction\",\"target\":{\"@type\":\"EntryPoint\",\"urlTemplate\":\"https:\/\/infinitilegal.com\/fr\/?s={search_term_string}\"},\"query-input\":\"required name=search_term_string\"}],\"inLanguage\":\"fr-FR\"}]}<\/script>\n<!-- \/ Yoast SEO plugin. -->","yoast_head_json":{"title":"Document Retrieval and Litigation Search","description":"Ottawa, Ontario based Infiniti Legal Support Services: Ottawa Document retrieval, Document copy, Document copying, Due diligence, Courthouse record search","robots":{"index":"noindex","follow":"follow","max-snippet":"max-snippet:-1","max-image-preview":"max-image-preview:large","max-video-preview":"max-video-preview:-1"},"twitter_misc":{"Dur\u00e9e de lecture estim\u00e9e":"2 minutes"},"schema":{"@context":"https:\/\/schema.org","@graph":[{"@type":"WebPage","@id":"https:\/\/infinitilegal.com\/fr\/services\/recherche-documentaires-et-recherche-des-litiges\/","url":"https:\/\/infinitilegal.com\/fr\/services\/recherche-documentaires-et-recherche-des-litiges\/","name":"Document Retrieval and Litigation Search","isPartOf":{"@id":"https:\/\/infinitilegal.com\/fr\/#website"},"datePublished":"2011-05-20T16:47:41+00:00","dateModified":"2022-11-04T11:49:01+00:00","description":"Ottawa, Ontario based Infiniti Legal Support Services: Ottawa Document retrieval, Document copy, Document copying, Due diligence, Courthouse record search","breadcrumb":{"@id":"https:\/\/infinitilegal.com\/fr\/services\/recherche-documentaires-et-recherche-des-litiges\/#breadcrumb"},"inLanguage":"fr-FR","potentialAction":[{"@type":"ReadAction","target":["https:\/\/infinitilegal.com\/fr\/services\/recherche-documentaires-et-recherche-des-litiges\/"]}]},{"@type":"BreadcrumbList","@id":"https:\/\/infinitilegal.com\/fr\/services\/recherche-documentaires-et-recherche-des-litiges\/#breadcrumb","itemListElement":[{"@type":"ListItem","position":1,"name":"Home","item":"https:\/\/infinitilegal.com\/fr\/"},{"@type":"ListItem","position":2,"name":"Les Services","item":"https:\/\/infinitilegal.com\/fr\/services\/"},{"@type":"ListItem","position":3,"name":"R\u00e9cup\u00e9ration de Documents et Recherche de Litiges"}]},{"@type":"WebSite","@id":"https:\/\/infinitilegal.com\/fr\/#website","url":"https:\/\/infinitilegal.com\/fr\/","name":"Infiniti Legal Support Services","description":"Process Serving, Due Diligence, Authentication, Legalization, Court Filing, Litigation Search, Document Retrieval, Document Copying","potentialAction":[{"@type":"SearchAction","target":{"@type":"EntryPoint","urlTemplate":"https:\/\/infinitilegal.com\/fr\/?s={search_term_string}"},"query-input":"required name=search_term_string"}],"inLanguage":"fr-FR"}]}},"_links":{"self":[{"href":"https:\/\/infinitilegal.com\/fr\/wp-json\/wp\/v2\/pages\/1432"}],"collection":[{"href":"https:\/\/infinitilegal.com\/fr\/wp-json\/wp\/v2\/pages"}],"about":[{"href":"https:\/\/infinitilegal.com\/fr\/wp-json\/wp\/v2\/types\/page"}],"author":[{"embeddable":true,"href":"https:\/\/infinitilegal.com\/fr\/wp-json\/wp\/v2\/users\/1"}],"replies":[{"embeddable":true,"href":"https:\/\/infinitilegal.com\/fr\/wp-json\/wp\/v2\/comments?post=1432"}],"version-history":[{"count":0,"href":"https:\/\/infinitilegal.com\/fr\/wp-json\/wp\/v2\/pages\/1432\/revisions"}],"up":[{"embeddable":true,"href":"https:\/\/infinitilegal.com\/fr\/wp-json\/wp\/v2\/pages\/1427"}],"wp:featuredmedia":[{"embeddable":true,"href":"https:\/\/infinitilegal.com\/fr\/wp-json\/wp\/v2\/media\/1353"}],"wp:attachment":[{"href":"https:\/\/infinitilegal.com\/fr\/wp-json\/wp\/v2\/media?parent=1432"}],"curies":[{"name":"wp","href":"https:\/\/api.w.org\/{rel}","templated":true}]}}