{"id":1445,"date":"2011-05-12T14:05:15","date_gmt":"2011-05-12T14:05:15","guid":{"rendered":"https:\/\/staging.infinitilegal.ca\/home\/"},"modified":"2023-06-16T21:56:36","modified_gmt":"2023-06-16T21:56:36","slug":"home","status":"publish","type":"page","link":"https:\/\/infinitilegal.com\/fr\/","title":{"rendered":"Accueil"},"content":{"rendered":"<p>[et_pb_section fb_built=\u00a0\u00bb1&Prime; _builder_version=\u00a0\u00bb4.19.0&Prime; _module_preset=\u00a0\u00bbdefault\u00a0\u00bb background_image=\u00a0\u00bbhttps:\/\/infinitilegal.com\/wp-content\/uploads\/2022\/11\/176-Gloucester-St-Ottawa-ON-Primary-Photo-1-HighDefinition.jpg\u00a0\u00bb global_colors_info=\u00a0\u00bb{}\u00a0\u00bb][et_pb_row column_structure=\u00a0\u00bb1_3,1_3,1_3&Prime; _builder_version=\u00a0\u00bb4.19.0&Prime; _module_preset=\u00a0\u00bbdefault\u00a0\u00bb global_colors_info=\u00a0\u00bb{}\u00a0\u00bb][et_pb_column type=\u00a0\u00bb1_3&Prime; _builder_version=\u00a0\u00bb4.19.0&Prime; _module_preset=\u00a0\u00bbdefault\u00a0\u00bb global_colors_info=\u00a0\u00bb{}\u00a0\u00bb][et_pb_cta title=\u00a0\u00bbSignifications\u00a0\u00bb button_url=\u00a0\u00bb\/services\/significations\/\u00a0\u00bb button_text=\u00a0\u00bbSavoir Plus\u00a0\u00bb _builder_version=\u00a0\u00bb4.21.0&Prime; _module_preset=\u00a0\u00bbdefault\u00a0\u00bb custom_button=\u00a0\u00bbon\u00a0\u00bb button_text_color=\u00a0\u00bb#263756&Prime; button_bg_color=\u00a0\u00bb#F3B945&Prime; min_height=\u00a0\u00bb410px\u00a0\u00bb min_height_tablet=\u00a0\u00bb0px\u00a0\u00bb min_height_phone=\u00a0\u00bb0px\u00a0\u00bb min_height_last_edited=\u00a0\u00bbon|phone\u00a0\u00bb hover_enabled=\u00a0\u00bb0&Prime; global_colors_info=\u00a0\u00bb{}\u00a0\u00bb background_color=\u00a0\u00bb#263756&Prime; button_bg_enable_color=\u00a0\u00bbon\u00a0\u00bb sticky_enabled=\u00a0\u00bb0&Prime;]<\/p>\n<p><span>L&rsquo;expertise d&rsquo;Infiniti comprend les significations aux individus, soci\u00e9t\u00e9s, gouvernements et autres entit\u00e9s; affidavits de signification; services de cours; et localisation.<\/span><\/p>\n<p>[\/et_pb_cta][\/et_pb_column][et_pb_column type=\u00a0\u00bb1_3&Prime; _builder_version=\u00a0\u00bb4.19.0&Prime; _module_preset=\u00a0\u00bbdefault\u00a0\u00bb global_colors_info=\u00a0\u00bb{}\u00a0\u00bb][et_pb_cta title=\u00a0\u00bbRecherches documentaires et recherches des Litiges\u00a0\u00bb button_url=\u00a0\u00bb\/services\/recherche-documentaires-et-recherche-des-litiges\/\u00a0\u00bb button_text=\u00a0\u00bbSavoir Plus\u00a0\u00bb _builder_version=\u00a0\u00bb4.19.0&Prime; _module_preset=\u00a0\u00bbdefault\u00a0\u00bb custom_button=\u00a0\u00bbon\u00a0\u00bb button_text_color=\u00a0\u00bb#263756&Prime; button_bg_color=\u00a0\u00bb#F3B945&Prime; min_height=\u00a0\u00bb410px\u00a0\u00bb min_height_tablet=\u00a0\u00bb0px\u00a0\u00bb min_height_phone=\u00a0\u00bb0px\u00a0\u00bb min_height_last_edited=\u00a0\u00bbon|phone\u00a0\u00bb global_colors_info=\u00a0\u00bb{}\u00a0\u00bb background_color=\u00a0\u00bb#263756&Prime; button_bg_enable_color=\u00a0\u00bbon\u00a0\u00bb]<\/p>\n<p>Infiniti propose une gamme compl\u00e8te de services de diligence, y compris la recherche de documents et la capacit\u00e9 de recherche des litiges.\u00a0<\/p>\n<p>[\/et_pb_cta][\/et_pb_column][et_pb_column type=\u00a0\u00bb1_3&Prime; _builder_version=\u00a0\u00bb4.19.0&Prime; _module_preset=\u00a0\u00bbdefault\u00a0\u00bb global_colors_info=\u00a0\u00bb{}\u00a0\u00bb][et_pb_cta title=\u00a0\u00bbAuthentication &#038; Legalization\u00a0\u00bb button_url=\u00a0\u00bb\/services\/significations\/\u00a0\u00bb button_text=\u00a0\u00bbSavoir Plus\u00a0\u00bb _builder_version=\u00a0\u00bb4.19.0&Prime; _module_preset=\u00a0\u00bbdefault\u00a0\u00bb custom_button=\u00a0\u00bbon\u00a0\u00bb button_text_color=\u00a0\u00bb#263756&Prime; button_bg_color=\u00a0\u00bb#F3B945&Prime; min_height=\u00a0\u00bb410px\u00a0\u00bb min_height_tablet=\u00a0\u00bb0px\u00a0\u00bb min_height_phone=\u00a0\u00bb0px\u00a0\u00bb min_height_last_edited=\u00a0\u00bbon|phone\u00a0\u00bb global_colors_info=\u00a0\u00bb{}\u00a0\u00bb background_color=\u00a0\u00bb#263756&Prime; button_bg_enable_color=\u00a0\u00bbon\u00a0\u00bb]<\/p>\n<p><span>En collaboration avec le MAECI et les ambassades \u00e0 Ottawa, Infiniti assure l&rsquo;authentification et la l\u00e9galisation ou Apostille des documents \u00e9trangers.<\/span><\/p>\n<p>[\/et_pb_cta][\/et_pb_column][\/et_pb_row][\/et_pb_section][et_pb_section fb_built=\u00a0\u00bb1&Prime; _builder_version=\u00a0\u00bb4.19.0&Prime; _module_preset=\u00a0\u00bbdefault\u00a0\u00bb global_colors_info=\u00a0\u00bb{}\u00a0\u00bb][et_pb_row _builder_version=\u00a0\u00bb4.18.1&Prime; _module_preset=\u00a0\u00bbdefault\u00a0\u00bb global_colors_info=\u00a0\u00bb{}\u00a0\u00bb][et_pb_column type=\u00a0\u00bb4_4&Prime; _builder_version=\u00a0\u00bb4.18.1&Prime; _module_preset=\u00a0\u00bbdefault\u00a0\u00bb global_colors_info=\u00a0\u00bb{}\u00a0\u00bb][et_pb_text admin_label=\u00a0\u00bbText\u00a0\u00bb _builder_version=\u00a0\u00bb4.19.0&Prime; background_size=\u00a0\u00bbinitial\u00a0\u00bb background_position=\u00a0\u00bbtop_left\u00a0\u00bb background_repeat=\u00a0\u00bbrepeat\u00a0\u00bb global_colors_info=\u00a0\u00bb{}\u00a0\u00bb]<\/p>\n<h1>Votre partenaire de confiance pour des services de soutien juridique mondials de qualit\u00e9<\/h1>\n<h2>Depuis plus de 30 ans, Infiniti Legal Support Services a rendu des services rapides et efficaces \u00e0 nos clients<\/h2>\n<p>Infiniti Legal Support Services (anciennement connu comme \u00e9tant Maplesoft Legal Support Services) fournit une gamme compl\u00e8te de services de soutien juridique professionnels, fiables et accessibles \u00e0 notre vaste client\u00e8le.<\/p>\n<p>Bas\u00e9 \u00e0 Ottawa, Ontario, Canada, nous poss\u00e9dons un effectif comp\u00e9tent et exp\u00e9riment\u00e9; un r\u00e9seau d\u2019agents et de partenaires de confiance, des capacit\u00e9s bilingues; un bureau professionnel et cr\u00e9ateur nous permettant d\u2019offrir un service de qualit\u00e9 \u00e9prouv\u00e9 dans le monde entier.<\/p>\n<p>[\/et_pb_text][\/et_pb_column][\/et_pb_row][et_pb_row column_structure=\u00a0\u00bb1_2,1_2&Prime; _builder_version=\u00a0\u00bb4.18.1&Prime; _module_preset=\u00a0\u00bbdefault\u00a0\u00bb global_colors_info=\u00a0\u00bb{}\u00a0\u00bb][et_pb_column type=\u00a0\u00bb1_2&Prime; _builder_version=\u00a0\u00bb4.18.1&Prime; _module_preset=\u00a0\u00bbdefault\u00a0\u00bb global_colors_info=\u00a0\u00bb{}\u00a0\u00bb][et_pb_text _builder_version=\u00a0\u00bb4.19.0&Prime; _module_preset=\u00a0\u00bbdefault\u00a0\u00bb global_colors_info=\u00a0\u00bb{}\u00a0\u00bb]<\/p>\n<h2>Le choix Infiniti<\/h2>\n<ul>\n<li>Prise en charge compl\u00e8te d\u2019un portefeuille de services juridiques<\/li>\n<li>Plus de 30 ans d\u2019exp\u00e9rience confirm\u00e9e<\/li>\n<li>Effectif enti\u00e8rement bilingue (anglais et fran\u00e7ais)<\/li>\n<li>Un bureau professionnel avec les derni\u00e8res technologies et outils de communication<\/li>\n<li>L\u2019association professionnelle des adh\u00e9sions et un r\u00e9seau de partenaires de confiance \u00e0 travers le monde<\/li>\n<li>Un champ d\u2019application de prestation de services mondial<\/li>\n<\/ul>\n<p>[\/et_pb_text][\/et_pb_column][et_pb_column type=\u00a0\u00bb1_2&Prime; _builder_version=\u00a0\u00bb4.18.1&Prime; _module_preset=\u00a0\u00bbdefault\u00a0\u00bb global_colors_info=\u00a0\u00bb{}\u00a0\u00bb][et_pb_text _builder_version=\u00a0\u00bb4.19.0&Prime; _module_preset=\u00a0\u00bbdefault\u00a0\u00bb global_colors_info=\u00a0\u00bb{}\u00a0\u00bb]<\/p>\n<h2>La diff\u00e9rence Infiniti<\/h2>\n<ul>\n<li>Propri\u00e9taire d\u2019un Syst\u00e8me de gestion de causes en ligne (CMS)<\/li>\n<li>Mises \u00e0 jour automatiques soulign\u00e9es d\u2019un statut personnalis\u00e9 en fonction de vos pr\u00e9f\u00e9rences de communication<\/li>\n<li>Capacit\u00e9 \u00e0 g\u00e9rer \u00e0 la derni\u00e8re minute, les cas urgents et difficiles<\/li>\n<li>Bien \u00e9tablie et digne de confiance, notre r\u00e9seau mondial de partenaires permet une bonne \u00e9quipe au bon moment<\/li>\n<\/ul>\n<p>[\/et_pb_text][\/et_pb_column][\/et_pb_row][\/et_pb_section]<\/p>\n","protected":false},"excerpt":{"rendered":"<p>L&rsquo;expertise d&rsquo;Infiniti comprend les significations aux individus, soci\u00e9t\u00e9s, gouvernements et autres entit\u00e9s; affidavits de signification; services de cours; et localisation.Infiniti propose une gamme compl\u00e8te de services de diligence, y compris la recherche de documents et la capacit\u00e9 de recherche des litiges.\u00a0En collaboration avec le MAECI et les ambassades \u00e0 Ottawa, Infiniti assure l&rsquo;authentification et la [&hellip;]<\/p>\n","protected":false},"author":1,"featured_media":0,"parent":0,"menu_order":0,"comment_status":"open","ping_status":"open","template":"","meta":{"_et_pb_use_builder":"on","_et_pb_old_content":"<h1><\/h1>\r\n<h1>Your Trusted Global Partner for Quality Legal Support Services<\/h1>\r\n<h2>For more than 30 years, Infiniti Legal Support Services has delivered fast, effective services to our valued customers<\/h2>\r\nInfiniti Legal Support Services (formerly Maplesoft Legal Support Services) provides a full range of professional, reliable and accessible legal support services to our broad client base.\r\n\r\nHeadquartered in Ottawa, Ontario, Canada, our knowledgeable, experienced staff; network of trusted agents and partners; bilingual capabilities; and professional office setting enable us to provide proven quality service worldwide.\r\n<table>\r\n<tbody>\r\n<tr>\r\n<td style=\"width: 47%; vertical-align: top;\">\r\n<h2><a href=\"https:\/\/infinitilegal.com\/services\/\" target=\"_blank\">The Infiniti Choice<\/a><\/h2>\r\n<ul>\r\n\t<li>Comprehensive legal support services portfolio<\/li>\r\n\t<li>30 years plus proven experience<\/li>\r\n\t<li>Fully bilingual staff (English and French)<\/li>\r\n\t<li>Professional office with the latest technology and communication tools<\/li>\r\n\t<li>Professional association memberships and trusted worldwide partner network<\/li>\r\n\t<li>Global service delivery scope<\/li>\r\n<\/ul>\r\n<\/td>\r\n<td style=\"width: 47%; vertical-align: top;\">\r\n<h2>The Infiniti Difference<\/h2>\r\n<ul>\r\n\t<li>Proprietary online Case Management System (CMS)<\/li>\r\n\t<li>Automated status updates customized according to your communication preferences<\/li>\r\n\t<li>Ability to handle last minute, urgent and difficult cases<\/li>\r\n\t<li>Well established and trusted global partner network enables the right team at the right time<\/li>\r\n<\/ul>\r\n<\/td>\r\n<\/tr>\r\n<\/tbody>\r\n<\/table>","_et_gb_content_width":""},"yoast_head":"<!-- This site is optimized with the Yoast SEO plugin v20.9 - https:\/\/yoast.com\/wordpress\/plugins\/seo\/ -->\n<title>Infiniti Legal-Quality Legal Support Services<\/title>\n<meta name=\"description\" content=\"Infiniti Legal- Quality Legal Support Services: Process Serving, Court Filing, Document Authentication and Legalization, Document Legalization,etc.\" \/>\n<meta name=\"robots\" content=\"noindex, follow, max-snippet:-1, max-image-preview:large, max-video-preview:-1\" \/>\n<meta name=\"twitter:label1\" content=\"Dur\u00e9e de lecture estim\u00e9e\" \/>\n\t<meta name=\"twitter:data1\" content=\"2 minutes\" \/>\n<script type=\"application\/ld+json\" class=\"yoast-schema-graph\">{\"@context\":\"https:\/\/schema.org\",\"@graph\":[{\"@type\":\"WebPage\",\"@id\":\"https:\/\/infinitilegal.com\/fr\/\",\"url\":\"https:\/\/infinitilegal.com\/fr\/\",\"name\":\"Infiniti Legal-Quality Legal Support Services\",\"isPartOf\":{\"@id\":\"https:\/\/infinitilegal.com\/fr\/#website\"},\"datePublished\":\"2011-05-12T14:05:15+00:00\",\"dateModified\":\"2023-06-16T21:56:36+00:00\",\"description\":\"Infiniti Legal- Quality Legal Support Services: Process Serving, Court Filing, Document Authentication and Legalization, Document Legalization,etc.\",\"breadcrumb\":{\"@id\":\"https:\/\/infinitilegal.com\/fr\/#breadcrumb\"},\"inLanguage\":\"fr-FR\",\"potentialAction\":[{\"@type\":\"ReadAction\",\"target\":[\"https:\/\/infinitilegal.com\/fr\/\"]}]},{\"@type\":\"BreadcrumbList\",\"@id\":\"https:\/\/infinitilegal.com\/fr\/#breadcrumb\",\"itemListElement\":[{\"@type\":\"ListItem\",\"position\":1,\"name\":\"Home\",\"item\":\"https:\/\/infinitilegal.com\/fr\/\"},{\"@type\":\"ListItem\",\"position\":2,\"name\":\"Accueil\"}]},{\"@type\":\"WebSite\",\"@id\":\"https:\/\/infinitilegal.com\/fr\/#website\",\"url\":\"https:\/\/infinitilegal.com\/fr\/\",\"name\":\"Infiniti Legal Support Services\",\"description\":\"Process Serving, Due Diligence, Authentication, Legalization, Court Filing, Litigation Search, Document Retrieval, Document Copying\",\"potentialAction\":[{\"@type\":\"SearchAction\",\"target\":{\"@type\":\"EntryPoint\",\"urlTemplate\":\"https:\/\/infinitilegal.com\/fr\/?s={search_term_string}\"},\"query-input\":\"required name=search_term_string\"}],\"inLanguage\":\"fr-FR\"}]}<\/script>\n<!-- \/ Yoast SEO plugin. -->","yoast_head_json":{"title":"Infiniti Legal-Quality Legal Support Services","description":"Infiniti Legal- Quality Legal Support Services: Process Serving, Court Filing, Document Authentication and Legalization, Document Legalization,etc.","robots":{"index":"noindex","follow":"follow","max-snippet":"max-snippet:-1","max-image-preview":"max-image-preview:large","max-video-preview":"max-video-preview:-1"},"twitter_misc":{"Dur\u00e9e de lecture estim\u00e9e":"2 minutes"},"schema":{"@context":"https:\/\/schema.org","@graph":[{"@type":"WebPage","@id":"https:\/\/infinitilegal.com\/fr\/","url":"https:\/\/infinitilegal.com\/fr\/","name":"Infiniti Legal-Quality Legal Support Services","isPartOf":{"@id":"https:\/\/infinitilegal.com\/fr\/#website"},"datePublished":"2011-05-12T14:05:15+00:00","dateModified":"2023-06-16T21:56:36+00:00","description":"Infiniti Legal- Quality Legal Support Services: Process Serving, Court Filing, Document Authentication and Legalization, Document Legalization,etc.","breadcrumb":{"@id":"https:\/\/infinitilegal.com\/fr\/#breadcrumb"},"inLanguage":"fr-FR","potentialAction":[{"@type":"ReadAction","target":["https:\/\/infinitilegal.com\/fr\/"]}]},{"@type":"BreadcrumbList","@id":"https:\/\/infinitilegal.com\/fr\/#breadcrumb","itemListElement":[{"@type":"ListItem","position":1,"name":"Home","item":"https:\/\/infinitilegal.com\/fr\/"},{"@type":"ListItem","position":2,"name":"Accueil"}]},{"@type":"WebSite","@id":"https:\/\/infinitilegal.com\/fr\/#website","url":"https:\/\/infinitilegal.com\/fr\/","name":"Infiniti Legal Support Services","description":"Process Serving, Due Diligence, Authentication, Legalization, Court Filing, Litigation Search, Document Retrieval, Document Copying","potentialAction":[{"@type":"SearchAction","target":{"@type":"EntryPoint","urlTemplate":"https:\/\/infinitilegal.com\/fr\/?s={search_term_string}"},"query-input":"required name=search_term_string"}],"inLanguage":"fr-FR"}]}},"_links":{"self":[{"href":"https:\/\/infinitilegal.com\/fr\/wp-json\/wp\/v2\/pages\/1445"}],"collection":[{"href":"https:\/\/infinitilegal.com\/fr\/wp-json\/wp\/v2\/pages"}],"about":[{"href":"https:\/\/infinitilegal.com\/fr\/wp-json\/wp\/v2\/types\/page"}],"author":[{"embeddable":true,"href":"https:\/\/infinitilegal.com\/fr\/wp-json\/wp\/v2\/users\/1"}],"replies":[{"embeddable":true,"href":"https:\/\/infinitilegal.com\/fr\/wp-json\/wp\/v2\/comments?post=1445"}],"version-history":[{"count":1,"href":"https:\/\/infinitilegal.com\/fr\/wp-json\/wp\/v2\/pages\/1445\/revisions"}],"predecessor-version":[{"id":1616,"href":"https:\/\/infinitilegal.com\/fr\/wp-json\/wp\/v2\/pages\/1445\/revisions\/1616"}],"wp:attachment":[{"href":"https:\/\/infinitilegal.com\/fr\/wp-json\/wp\/v2\/media?parent=1445"}],"curies":[{"name":"wp","href":"https:\/\/api.w.org\/{rel}","templated":true}]}}